{"id":156,"date":"2019-11-08T12:42:57","date_gmt":"2019-11-08T10:42:57","guid":{"rendered":"https:\/\/www.neteram.fi\/ota-yhteytta\/"},"modified":"2019-12-10T14:58:24","modified_gmt":"2019-12-10T12:58:24","slug":"contact-us","status":"publish","type":"page","link":"https:\/\/www.neteram.net\/en\/contact-us\/","title":{"rendered":"Contact us"},"content":{"rendered":"\t\t<div data-elementor-type=\"wp-page\" data-elementor-id=\"156\" class=\"elementor elementor-156 elementor-76\" data-elementor-post-type=\"page\">\n\t\t\t\t\t\t<section class=\"elementor-section elementor-top-section elementor-element elementor-element-29fb8b1e elementor-section-full_width elementor-section-height-default elementor-section-height-default\" data-id=\"29fb8b1e\" data-element_type=\"section\" data-settings=\"{&quot;background_background&quot;:&quot;classic&quot;}\">\n\t\t\t\t\t\t\t<div class=\"elementor-background-overlay\"><\/div>\n\t\t\t\t\t\t\t<div class=\"elementor-container elementor-column-gap-default\">\n\t\t\t\t\t<div class=\"elementor-column elementor-col-100 elementor-top-column elementor-element elementor-element-69fee2a9\" data-id=\"69fee2a9\" data-element_type=\"column\" data-settings=\"{&quot;background_background&quot;:&quot;classic&quot;}\">\n\t\t\t<div class=\"elementor-widget-wrap elementor-element-populated\">\n\t\t\t\t\t\t<div class=\"elementor-element elementor-element-4415884e elementor-widget elementor-widget-spacer\" data-id=\"4415884e\" data-element_type=\"widget\" data-widget_type=\"spacer.default\">\n\t\t\t\t<div class=\"elementor-widget-container\">\n\t\t\t\t\t\t\t<div class=\"elementor-spacer\">\n\t\t\t<div class=\"elementor-spacer-inner\"><\/div>\n\t\t<\/div>\n\t\t\t\t\t\t<\/div>\n\t\t\t\t<\/div>\n\t\t\t\t<div class=\"elementor-element elementor-element-60c177a6 elementor-widget elementor-widget-heading\" data-id=\"60c177a6\" data-element_type=\"widget\" data-widget_type=\"heading.default\">\n\t\t\t\t<div class=\"elementor-widget-container\">\n\t\t\t\t\t<h2 class=\"elementor-heading-title elementor-size-default\">Contact us<\/h2>\t\t\t\t<\/div>\n\t\t\t\t<\/div>\n\t\t\t\t<div class=\"elementor-element elementor-element-32c5a2f7 elementor-widget elementor-widget-spacer\" data-id=\"32c5a2f7\" data-element_type=\"widget\" data-widget_type=\"spacer.default\">\n\t\t\t\t<div class=\"elementor-widget-container\">\n\t\t\t\t\t\t\t<div class=\"elementor-spacer\">\n\t\t\t<div class=\"elementor-spacer-inner\"><\/div>\n\t\t<\/div>\n\t\t\t\t\t\t<\/div>\n\t\t\t\t<\/div>\n\t\t\t\t\t<\/div>\n\t\t<\/div>\n\t\t\t\t\t<\/div>\n\t\t<\/section>\n\t\t\t\t<section class=\"elementor-section elementor-top-section elementor-element elementor-element-4bcc13e6 elementor-section-content-top elementor-section-boxed elementor-section-height-default elementor-section-height-default\" data-id=\"4bcc13e6\" data-element_type=\"section\">\n\t\t\t\t\t\t<div class=\"elementor-container elementor-column-gap-wide\">\n\t\t\t\t\t<div class=\"elementor-column elementor-col-100 elementor-top-column elementor-element elementor-element-2459e465\" data-id=\"2459e465\" data-element_type=\"column\">\n\t\t\t<div class=\"elementor-widget-wrap elementor-element-populated\">\n\t\t\t\t\t\t<div class=\"elementor-element elementor-element-5647aa2c elementor-widget elementor-widget-heading\" data-id=\"5647aa2c\" data-element_type=\"widget\" data-widget_type=\"heading.default\">\n\t\t\t\t<div class=\"elementor-widget-container\">\n\t\t\t\t\t<h2 class=\"elementor-heading-title elementor-size-default\">Contact<\/h2>\t\t\t\t<\/div>\n\t\t\t\t<\/div>\n\t\t\t\t<div class=\"elementor-element elementor-element-7f59ca3c elementor-widget-divider--view-line elementor-widget elementor-widget-divider\" data-id=\"7f59ca3c\" data-element_type=\"widget\" data-widget_type=\"divider.default\">\n\t\t\t\t<div class=\"elementor-widget-container\">\n\t\t\t\t\t\t\t<div class=\"elementor-divider\">\n\t\t\t<span class=\"elementor-divider-separator\">\n\t\t\t\t\t\t<\/span>\n\t\t<\/div>\n\t\t\t\t\t\t<\/div>\n\t\t\t\t<\/div>\n\t\t\t\t<div class=\"elementor-element elementor-element-3c733caf elementor-widget elementor-widget-spacer\" data-id=\"3c733caf\" data-element_type=\"widget\" data-widget_type=\"spacer.default\">\n\t\t\t\t<div class=\"elementor-widget-container\">\n\t\t\t\t\t\t\t<div class=\"elementor-spacer\">\n\t\t\t<div class=\"elementor-spacer-inner\"><\/div>\n\t\t<\/div>\n\t\t\t\t\t\t<\/div>\n\t\t\t\t<\/div>\n\t\t\t\t<div class=\"elementor-element elementor-element-400d552d elementor-widget elementor-widget-text-editor\" data-id=\"400d552d\" data-element_type=\"widget\" data-widget_type=\"text-editor.default\">\n\t\t\t\t<div class=\"elementor-widget-container\">\n\t\t\t\t\t\t\t\t\t<p>If you are interested in our services, please feel free to contact us. We will contact you as soon as possible and tell you how we can help.<\/p>\n\t\t\t\t\t\t\t\t<\/div>\n\t\t\t\t<\/div>\n\t\t\t\t\t<\/div>\n\t\t<\/div>\n\t\t\t\t\t<\/div>\n\t\t<\/section>\n\t\t\t\t<section class=\"elementor-section elementor-top-section elementor-element elementor-element-16433409 elementor-section-boxed elementor-section-height-default elementor-section-height-default\" data-id=\"16433409\" data-element_type=\"section\" data-settings=\"{&quot;background_background&quot;:&quot;classic&quot;}\">\n\t\t\t\t\t\t\t<div class=\"elementor-background-overlay\"><\/div>\n\t\t\t\t\t\t\t<div class=\"elementor-container elementor-column-gap-default\">\n\t\t\t\t\t<div class=\"elementor-column elementor-col-50 elementor-top-column elementor-element elementor-element-2d120d7b\" data-id=\"2d120d7b\" data-element_type=\"column\" data-settings=\"{&quot;background_background&quot;:&quot;classic&quot;}\">\n\t\t\t<div class=\"elementor-widget-wrap elementor-element-populated\">\n\t\t\t\t\t<div class=\"elementor-background-overlay\"><\/div>\n\t\t\t\t\t\t<div class=\"elementor-element elementor-element-13c8b83a elementor-widget elementor-widget-heading\" data-id=\"13c8b83a\" data-element_type=\"widget\" data-widget_type=\"heading.default\">\n\t\t\t\t<div class=\"elementor-widget-container\">\n\t\t\t\t\t<h2 class=\"elementor-heading-title elementor-size-default\">Contact us<\/h2>\t\t\t\t<\/div>\n\t\t\t\t<\/div>\n\t\t\t\t<div class=\"elementor-element elementor-element-de40460 elementor-widget elementor-widget-spacer\" data-id=\"de40460\" data-element_type=\"widget\" data-widget_type=\"spacer.default\">\n\t\t\t\t<div class=\"elementor-widget-container\">\n\t\t\t\t\t\t\t<div class=\"elementor-spacer\">\n\t\t\t<div class=\"elementor-spacer-inner\"><\/div>\n\t\t<\/div>\n\t\t\t\t\t\t<\/div>\n\t\t\t\t<\/div>\n\t\t\t\t<div class=\"elementor-element elementor-element-998a666 elementor-widget elementor-widget-image\" data-id=\"998a666\" data-element_type=\"widget\" data-widget_type=\"image.default\">\n\t\t\t\t<div class=\"elementor-widget-container\">\n\t\t\t\t\t\t\t\t\t\t\t\t\t\t\t<img fetchpriority=\"high\" decoding=\"async\" width=\"450\" height=\"450\" src=\"https:\/\/www.neteram.net\/wp-content\/uploads\/2019\/11\/Antti_Narhi.png\" class=\"attachment-full size-full wp-image-36\" alt=\"Antti N\u00e4rhi\" srcset=\"https:\/\/www.neteram.net\/wp-content\/uploads\/2019\/11\/Antti_Narhi.png 450w, https:\/\/www.neteram.net\/wp-content\/uploads\/2019\/11\/Antti_Narhi-150x150.png 150w, https:\/\/www.neteram.net\/wp-content\/uploads\/2019\/11\/Antti_Narhi-300x300.png 300w\" sizes=\"(max-width: 450px) 100vw, 450px\" \/>\t\t\t\t\t\t\t\t\t\t\t\t\t\t\t<\/div>\n\t\t\t\t<\/div>\n\t\t\t\t<div class=\"elementor-element elementor-element-cdea3ad elementor-widget elementor-widget-spacer\" data-id=\"cdea3ad\" data-element_type=\"widget\" data-widget_type=\"spacer.default\">\n\t\t\t\t<div class=\"elementor-widget-container\">\n\t\t\t\t\t\t\t<div class=\"elementor-spacer\">\n\t\t\t<div class=\"elementor-spacer-inner\"><\/div>\n\t\t<\/div>\n\t\t\t\t\t\t<\/div>\n\t\t\t\t<\/div>\n\t\t\t\t<div class=\"elementor-element elementor-element-577dafc elementor-widget elementor-widget-text-editor\" data-id=\"577dafc\" data-element_type=\"widget\" data-widget_type=\"text-editor.default\">\n\t\t\t\t<div class=\"elementor-widget-container\">\n\t\t\t\t\t\t\t\t\t<p><span style=\"color: #ffffff;\"><strong>Antti N\u00e4rhi<br \/><\/strong>COO, Senior Mechanical Designer<\/span><br \/><span style=\"color: #ffffff;\"><a style=\"color: #ffffff;\" href=\"mailto:antti.narhi@neteram.net\">antti.narhi@neteram.net<\/a><\/span><br \/><span style=\"color: #ffffff;\"><a style=\"color: #ffffff;\" href=\"tel:+358405001875\">+358 40 500 1875<\/a><\/span><\/p>\n\t\t\t\t\t\t\t\t<\/div>\n\t\t\t\t<\/div>\n\t\t\t\t\t<\/div>\n\t\t<\/div>\n\t\t\t\t<div class=\"elementor-column elementor-col-50 elementor-top-column elementor-element elementor-element-44c91475\" data-id=\"44c91475\" data-element_type=\"column\" data-settings=\"{&quot;background_background&quot;:&quot;classic&quot;}\">\n\t\t\t<div class=\"elementor-widget-wrap elementor-element-populated\">\n\t\t\t\t\t<div class=\"elementor-background-overlay\"><\/div>\n\t\t\t\t\t\t<div class=\"elementor-element elementor-element-a5c4f9a elementor-widget elementor-widget-spacer\" data-id=\"a5c4f9a\" data-element_type=\"widget\" data-widget_type=\"spacer.default\">\n\t\t\t\t<div class=\"elementor-widget-container\">\n\t\t\t\t\t\t\t<div class=\"elementor-spacer\">\n\t\t\t<div class=\"elementor-spacer-inner\"><\/div>\n\t\t<\/div>\n\t\t\t\t\t\t<\/div>\n\t\t\t\t<\/div>\n\t\t\t\t<div class=\"elementor-element elementor-element-65394ec7 elementor-widget elementor-widget-shortcode\" data-id=\"65394ec7\" data-element_type=\"widget\" data-widget_type=\"shortcode.default\">\n\t\t\t\t<div class=\"elementor-widget-container\">\n\t\t\t\t\t\t\t<div class=\"elementor-shortcode\"><div class=\"caldera-grid\" id=\"caldera_form_1\" data-cf-ver=\"1.9.3\" data-cf-form-id=\"CF5dccf50057b40\"><div id=\"caldera_notices_1\" data-spinner=\"https:\/\/www.neteram.net\/wp-admin\/images\/spinner.gif\"><\/div><form data-instance=\"1\" class=\"CF5dccf50057b40 caldera_forms_form cfajax-trigger\" method=\"POST\" enctype=\"multipart\/form-data\" id=\"CF5dccf50057b40_1\" data-form-id=\"CF5dccf50057b40\" aria-label=\"Etusivun yhteydenottolomake EN\" data-target=\"#caldera_notices_1\" data-template=\"#cfajax_CF5dccf50057b40-tmpl\" data-cfajax=\"CF5dccf50057b40\" data-load-element=\"_parent\" data-load-class=\"cf_processing\" data-post-disable=\"1\" data-action=\"cf_process_ajax_submit\" data-request=\"https:\/\/www.neteram.net\/en\/\/cf-api\/CF5dccf50057b40\">\r\n<input type=\"hidden\" id=\"_cf_verify_CF5dccf50057b40\" name=\"_cf_verify\" value=\"2173a159a5\"  data-nonce-time=\"1777390183\" \/><input type=\"hidden\" name=\"_wp_http_referer\" value=\"\/en\/wp-json\/wp\/v2\/pages\/156\" \/><div id=\"cf2-CF5dccf50057b40_1\"><\/div><input type=\"hidden\" name=\"_cf_frm_id\" value=\"CF5dccf50057b40\">\r\n<input type=\"hidden\" name=\"_cf_frm_ct\" value=\"1\">\r\n<input type=\"hidden\" name=\"cfajax\" value=\"CF5dccf50057b40\">\r\n<input type=\"hidden\" name=\"_cf_cr_pst\" value=\"156\">\r\n<div class=\"hide\" style=\"display:none; overflow:hidden;height:0;width:0;\">\r\n<label>Phone<\/label><input type=\"text\" name=\"phone\" value=\"\" autocomplete=\"off\">\r\n<\/div><div id=\"CF5dccf50057b40_1-row-1\"  class=\"row  first_row\"><div  class=\"col-sm-12  single\"><div data-field-wrapper=\"fld_8768091\" class=\"form-group\" id=\"fld_8768091_1-wrap\">\r\n\t<label id=\"fld_8768091Label\" for=\"fld_8768091_1\" class=\"control-label screen-reader-text sr-only\">Name<\/label>\r\n\t<div class=\"\">\r\n\t\t<input placeholder=\"Name\"  required type=\"text\" data-field=\"fld_8768091\" class=\" form-control\" id=\"fld_8768091_1\" name=\"fld_8768091\" value=\"\" data-type=\"text\" aria-required=\"true\"   aria-labelledby=\"fld_8768091Label\" >\t\t\t<\/div>\r\n<\/div>\r\n<div data-field-wrapper=\"fld_6009157\" class=\"form-group\" id=\"fld_6009157_1-wrap\">\r\n\t<label id=\"fld_6009157Label\" for=\"fld_6009157_1\" class=\"control-label screen-reader-text sr-only\">Email address<\/label>\r\n\t<div class=\"\">\r\n\t\t<input placeholder=\"Email address\"  required type=\"email\" data-field=\"fld_6009157\" class=\" form-control\" id=\"fld_6009157_1\" name=\"fld_6009157\" value=\"\" data-type=\"email\" aria-required=\"true\"   aria-labelledby=\"fld_6009157Label\" >\t\t\t<\/div>\r\n<\/div>\r\n<div data-field-wrapper=\"fld_7683514\" class=\"form-group\" id=\"fld_7683514_1-wrap\">\r\n\t<label id=\"fld_7683514Label\" for=\"fld_7683514_1\" class=\"control-label screen-reader-text sr-only\">Your message<\/label>\r\n\t<div class=\"\">\r\n\t\t<textarea name=\"fld_7683514\" value=\"\" data-field=\"fld_7683514\" class=\"form-control\" id=\"fld_7683514_1\" rows=\"7\" placeholder=\"Your message\"  required=\"required\"  aria-labelledby=\"fld_7683514Label\" ><\/textarea>\n\t\t\t<\/div>\r\n<\/div>\r\n<\/div><\/div><div id=\"CF5dccf50057b40_1-row-2\"  class=\"row \"><div  class=\"col-sm-12  single\"><div data-field-wrapper=\"fld_910650\" class=\"form-group\" id=\"fld_910650_1-wrap\">\r\n\n\n<div class=\"\">\r\n\n<input placeholder=\"recaptcha\"  required type=\"hidden\" data-field=\"fld_910650\" class=\" form-control\" id=\"fld_910650_1\" name=\"fld_910650\" value=\"\" data-type=\"recaptcha\" aria-required=\"true\"   aria-labelledby=\"fld_910650Label\" >\n\t<div id=\"capfld_910650_1\"><\/div>\n\n\n<\/div>\r\n\n<\/div>\r\n<\/div><\/div><div id=\"CF5dccf50057b40_1-row-3\"  class=\"row  last_row\"><div  class=\"col-sm-12  single\"><div data-field-wrapper=\"fld_7908577\" class=\"form-group\" id=\"fld_7908577_1-wrap\">\r\n<div class=\"\">\r\n\t<input  class=\"send-button-1\" type=\"submit\" name=\"fld_7908577\" id=\"fld_7908577_1\" value=\"Submit\" data-field=\"fld_7908577\"  >\n<\/div>\r\n<\/div>\r\n\t<input class=\"button_trigger_1\" type=\"hidden\" name=\"fld_7908577\" id=\"fld_7908577_1_btn\" value=\"\" data-field=\"fld_7908577\"  \/>\n<div class=\"recaptcha-text\"><p>This site is protected by reCAPTCHA and the Google     <a href=\"https:\/\/policies.google.com\/privacy\" target=\"_blank\">Privacy Policy<\/a> and     <a href=\"https:\/\/policies.google.com\/terms\" target=\"_blank\">Terms of Service<\/a> apply.<\/p>\n<\/div><\/div><\/div><\/form>\r\n<\/div>\r\n<\/div>\n\t\t\t\t\t\t<\/div>\n\t\t\t\t<\/div>\n\t\t\t\t\t<\/div>\n\t\t<\/div>\n\t\t\t\t\t<\/div>\n\t\t<\/section>\n\t\t\t\t<\/div>\n\t\t","protected":false},"excerpt":{"rendered":"<p>Contact us Contact If you are interested in our services, please feel free to contact us. We will contact you as soon as possible and tell you how we can help. Contact us Antti N\u00e4rhiCOO, Senior Mechanical Designerantti.narhi@neteram.net+358 40 500 1875<\/p>\n","protected":false},"author":1,"featured_media":0,"parent":0,"menu_order":0,"comment_status":"closed","ping_status":"closed","template":"","meta":{"site-sidebar-layout":"default","site-content-layout":"page-builder","ast-site-content-layout":"default","site-content-style":"default","site-sidebar-style":"default","ast-global-header-display":"","ast-banner-title-visibility":"","ast-main-header-display":"disabled","ast-hfb-above-header-display":"","ast-hfb-below-header-display":"","ast-hfb-mobile-header-display":"","site-post-title":"disabled","ast-breadcrumbs-content":"","ast-featured-img":"","footer-sml-layout":"","theme-transparent-header-meta":"default","adv-header-id-meta":"","stick-header-meta":"","header-above-stick-meta":"","header-main-stick-meta":"","header-below-stick-meta":"","astra-migrate-meta-layouts":"default","ast-page-background-enabled":"default","ast-page-background-meta":{"desktop":{"background-color":"","background-image":"","background-repeat":"repeat","background-position":"center center","background-size":"auto","background-attachment":"scroll","background-type":"","background-media":"","overlay-type":"","overlay-color":"","overlay-opacity":"","overlay-gradient":""},"tablet":{"background-color":"","background-image":"","background-repeat":"repeat","background-position":"center center","background-size":"auto","background-attachment":"scroll","background-type":"","background-media":"","overlay-type":"","overlay-color":"","overlay-opacity":"","overlay-gradient":""},"mobile":{"background-color":"","background-image":"","background-repeat":"repeat","background-position":"center center","background-size":"auto","background-attachment":"scroll","background-type":"","background-media":"","overlay-type":"","overlay-color":"","overlay-opacity":"","overlay-gradient":""}},"ast-content-background-meta":{"desktop":{"background-color":"var(--ast-global-color-5)","background-image":"","background-repeat":"repeat","background-position":"center center","background-size":"auto","background-attachment":"scroll","background-type":"","background-media":"","overlay-type":"","overlay-color":"","overlay-opacity":"","overlay-gradient":""},"tablet":{"background-color":"var(--ast-global-color-5)","background-image":"","background-repeat":"repeat","background-position":"center center","background-size":"auto","background-attachment":"scroll","background-type":"","background-media":"","overlay-type":"","overlay-color":"","overlay-opacity":"","overlay-gradient":""},"mobile":{"background-color":"var(--ast-global-color-5)","background-image":"","background-repeat":"repeat","background-position":"center center","background-size":"auto","background-attachment":"scroll","background-type":"","background-media":"","overlay-type":"","overlay-color":"","overlay-opacity":"","overlay-gradient":""}},"footnotes":""},"class_list":["post-156","page","type-page","status-publish","hentry"],"yoast_head":"<!-- This site is optimized with the Yoast SEO plugin v26.0 - https:\/\/yoast.com\/wordpress\/plugins\/seo\/ -->\n<title>Contact us &#8211; Neteram Oy<\/title>\n<meta name=\"description\" content=\"If you are interested in our services, please feel free to contact us. We will contact you as soon as possible and tell you how we can help.\" \/>\n<meta name=\"robots\" content=\"index, follow, max-snippet:-1, max-image-preview:large, max-video-preview:-1\" \/>\n<link rel=\"canonical\" href=\"https:\/\/www.neteram.net\/ota-yhteytta\/\" \/>\n<meta property=\"og:locale\" content=\"en_US\" \/>\n<meta property=\"og:type\" content=\"article\" \/>\n<meta property=\"og:title\" content=\"Contact us &#8211; Neteram Oy\" \/>\n<meta property=\"og:description\" content=\"If you are interested in our services, please feel free to contact us. We will contact you as soon as possible and tell you how we can help.\" \/>\n<meta property=\"og:url\" content=\"https:\/\/www.neteram.net\/ota-yhteytta\/\" \/>\n<meta property=\"og:site_name\" content=\"Neteram Oy\" \/>\n<meta property=\"article:modified_time\" content=\"2019-12-10T12:58:24+00:00\" \/>\n<meta property=\"og:image\" content=\"https:\/\/www.neteram.fi\/wp-content\/uploads\/2019\/11\/Antti_Narhi.png\" \/>\n<meta name=\"twitter:card\" content=\"summary_large_image\" \/>\n<script type=\"application\/ld+json\" class=\"yoast-schema-graph\">{\"@context\":\"https:\/\/schema.org\",\"@graph\":[{\"@type\":\"WebPage\",\"@id\":\"https:\/\/www.neteram.net\/ota-yhteytta\/\",\"url\":\"https:\/\/www.neteram.net\/ota-yhteytta\/\",\"name\":\"Contact us &#8211; Neteram Oy\",\"isPartOf\":{\"@id\":\"https:\/\/www.neteram.net\/#website\"},\"primaryImageOfPage\":{\"@id\":\"https:\/\/www.neteram.net\/ota-yhteytta\/#primaryimage\"},\"image\":{\"@id\":\"https:\/\/www.neteram.net\/ota-yhteytta\/#primaryimage\"},\"thumbnailUrl\":\"https:\/\/www.neteram.fi\/wp-content\/uploads\/2019\/11\/Antti_Narhi.png\",\"datePublished\":\"2019-11-08T10:42:57+00:00\",\"dateModified\":\"2019-12-10T12:58:24+00:00\",\"description\":\"If you are interested in our services, please feel free to contact us. We will contact you as soon as possible and tell you how we can help.\",\"breadcrumb\":{\"@id\":\"https:\/\/www.neteram.net\/ota-yhteytta\/#breadcrumb\"},\"inLanguage\":\"en-US\",\"potentialAction\":[{\"@type\":\"ReadAction\",\"target\":[\"https:\/\/www.neteram.net\/ota-yhteytta\/\"]}]},{\"@type\":\"ImageObject\",\"inLanguage\":\"en-US\",\"@id\":\"https:\/\/www.neteram.net\/ota-yhteytta\/#primaryimage\",\"url\":\"https:\/\/www.neteram.fi\/wp-content\/uploads\/2019\/11\/Antti_Narhi.png\",\"contentUrl\":\"https:\/\/www.neteram.fi\/wp-content\/uploads\/2019\/11\/Antti_Narhi.png\"},{\"@type\":\"BreadcrumbList\",\"@id\":\"https:\/\/www.neteram.net\/ota-yhteytta\/#breadcrumb\",\"itemListElement\":[{\"@type\":\"ListItem\",\"position\":1,\"name\":\"Home\",\"item\":\"https:\/\/www.neteram.net\/\"},{\"@type\":\"ListItem\",\"position\":2,\"name\":\"Contact us\"}]},{\"@type\":\"WebSite\",\"@id\":\"https:\/\/www.neteram.net\/#website\",\"url\":\"https:\/\/www.neteram.net\/\",\"name\":\"Neteram Oy\",\"description\":\"Yst\u00e4v\u00e4llist\u00e4 ja ketter\u00e4\u00e4 lujuuslaskentaa ja mekaniikkasuunnittelua\",\"publisher\":{\"@id\":\"https:\/\/www.neteram.net\/#organization\"},\"potentialAction\":[{\"@type\":\"SearchAction\",\"target\":{\"@type\":\"EntryPoint\",\"urlTemplate\":\"https:\/\/www.neteram.net\/?s={search_term_string}\"},\"query-input\":{\"@type\":\"PropertyValueSpecification\",\"valueRequired\":true,\"valueName\":\"search_term_string\"}}],\"inLanguage\":\"en-US\"},{\"@type\":\"Organization\",\"@id\":\"https:\/\/www.neteram.net\/#organization\",\"name\":\"Neteram Oy\",\"url\":\"https:\/\/www.neteram.net\/\",\"logo\":{\"@type\":\"ImageObject\",\"inLanguage\":\"en-US\",\"@id\":\"https:\/\/www.neteram.net\/#\/schema\/logo\/image\/\",\"url\":\"https:\/\/www.neteram.net\/wp-content\/uploads\/2019\/12\/Neteram-Oy-logo.png\",\"contentUrl\":\"https:\/\/www.neteram.net\/wp-content\/uploads\/2019\/12\/Neteram-Oy-logo.png\",\"width\":1772,\"height\":974,\"caption\":\"Neteram Oy\"},\"image\":{\"@id\":\"https:\/\/www.neteram.net\/#\/schema\/logo\/image\/\"}}]}<\/script>\n<!-- \/ Yoast SEO plugin. -->","yoast_head_json":{"title":"Contact us &#8211; Neteram Oy","description":"If you are interested in our services, please feel free to contact us. We will contact you as soon as possible and tell you how we can help.","robots":{"index":"index","follow":"follow","max-snippet":"max-snippet:-1","max-image-preview":"max-image-preview:large","max-video-preview":"max-video-preview:-1"},"canonical":"https:\/\/www.neteram.net\/ota-yhteytta\/","og_locale":"en_US","og_type":"article","og_title":"Contact us &#8211; Neteram Oy","og_description":"If you are interested in our services, please feel free to contact us. We will contact you as soon as possible and tell you how we can help.","og_url":"https:\/\/www.neteram.net\/ota-yhteytta\/","og_site_name":"Neteram Oy","article_modified_time":"2019-12-10T12:58:24+00:00","og_image":[{"url":"https:\/\/www.neteram.fi\/wp-content\/uploads\/2019\/11\/Antti_Narhi.png","type":"","width":"","height":""}],"twitter_card":"summary_large_image","schema":{"@context":"https:\/\/schema.org","@graph":[{"@type":"WebPage","@id":"https:\/\/www.neteram.net\/ota-yhteytta\/","url":"https:\/\/www.neteram.net\/ota-yhteytta\/","name":"Contact us &#8211; Neteram Oy","isPartOf":{"@id":"https:\/\/www.neteram.net\/#website"},"primaryImageOfPage":{"@id":"https:\/\/www.neteram.net\/ota-yhteytta\/#primaryimage"},"image":{"@id":"https:\/\/www.neteram.net\/ota-yhteytta\/#primaryimage"},"thumbnailUrl":"https:\/\/www.neteram.fi\/wp-content\/uploads\/2019\/11\/Antti_Narhi.png","datePublished":"2019-11-08T10:42:57+00:00","dateModified":"2019-12-10T12:58:24+00:00","description":"If you are interested in our services, please feel free to contact us. We will contact you as soon as possible and tell you how we can help.","breadcrumb":{"@id":"https:\/\/www.neteram.net\/ota-yhteytta\/#breadcrumb"},"inLanguage":"en-US","potentialAction":[{"@type":"ReadAction","target":["https:\/\/www.neteram.net\/ota-yhteytta\/"]}]},{"@type":"ImageObject","inLanguage":"en-US","@id":"https:\/\/www.neteram.net\/ota-yhteytta\/#primaryimage","url":"https:\/\/www.neteram.fi\/wp-content\/uploads\/2019\/11\/Antti_Narhi.png","contentUrl":"https:\/\/www.neteram.fi\/wp-content\/uploads\/2019\/11\/Antti_Narhi.png"},{"@type":"BreadcrumbList","@id":"https:\/\/www.neteram.net\/ota-yhteytta\/#breadcrumb","itemListElement":[{"@type":"ListItem","position":1,"name":"Home","item":"https:\/\/www.neteram.net\/"},{"@type":"ListItem","position":2,"name":"Contact us"}]},{"@type":"WebSite","@id":"https:\/\/www.neteram.net\/#website","url":"https:\/\/www.neteram.net\/","name":"Neteram Oy","description":"Yst\u00e4v\u00e4llist\u00e4 ja ketter\u00e4\u00e4 lujuuslaskentaa ja mekaniikkasuunnittelua","publisher":{"@id":"https:\/\/www.neteram.net\/#organization"},"potentialAction":[{"@type":"SearchAction","target":{"@type":"EntryPoint","urlTemplate":"https:\/\/www.neteram.net\/?s={search_term_string}"},"query-input":{"@type":"PropertyValueSpecification","valueRequired":true,"valueName":"search_term_string"}}],"inLanguage":"en-US"},{"@type":"Organization","@id":"https:\/\/www.neteram.net\/#organization","name":"Neteram Oy","url":"https:\/\/www.neteram.net\/","logo":{"@type":"ImageObject","inLanguage":"en-US","@id":"https:\/\/www.neteram.net\/#\/schema\/logo\/image\/","url":"https:\/\/www.neteram.net\/wp-content\/uploads\/2019\/12\/Neteram-Oy-logo.png","contentUrl":"https:\/\/www.neteram.net\/wp-content\/uploads\/2019\/12\/Neteram-Oy-logo.png","width":1772,"height":974,"caption":"Neteram Oy"},"image":{"@id":"https:\/\/www.neteram.net\/#\/schema\/logo\/image\/"}}]}},"_links":{"self":[{"href":"https:\/\/www.neteram.net\/en\/wp-json\/wp\/v2\/pages\/156","targetHints":{"allow":["GET"]}}],"collection":[{"href":"https:\/\/www.neteram.net\/en\/wp-json\/wp\/v2\/pages"}],"about":[{"href":"https:\/\/www.neteram.net\/en\/wp-json\/wp\/v2\/types\/page"}],"author":[{"embeddable":true,"href":"https:\/\/www.neteram.net\/en\/wp-json\/wp\/v2\/users\/1"}],"replies":[{"embeddable":true,"href":"https:\/\/www.neteram.net\/en\/wp-json\/wp\/v2\/comments?post=156"}],"version-history":[{"count":10,"href":"https:\/\/www.neteram.net\/en\/wp-json\/wp\/v2\/pages\/156\/revisions"}],"predecessor-version":[{"id":407,"href":"https:\/\/www.neteram.net\/en\/wp-json\/wp\/v2\/pages\/156\/revisions\/407"}],"wp:attachment":[{"href":"https:\/\/www.neteram.net\/en\/wp-json\/wp\/v2\/media?parent=156"}],"curies":[{"name":"wp","href":"https:\/\/api.w.org\/{rel}","templated":true}]}}