{"id":162,"date":"2019-11-08T12:43:48","date_gmt":"2019-11-08T10:43:48","guid":{"rendered":"https:\/\/www.neteram.fi\/palvelut\/mekaniikkasuunnittelu\/"},"modified":"2019-12-10T14:56:28","modified_gmt":"2019-12-10T12:56:28","slug":"mechanical-engineering","status":"publish","type":"page","link":"https:\/\/www.neteram.net\/en\/services\/mechanical-engineering\/","title":{"rendered":"Mechanical engineering"},"content":{"rendered":"\t\t<div data-elementor-type=\"wp-page\" data-elementor-id=\"162\" class=\"elementor elementor-162 elementor-134\" data-elementor-post-type=\"page\">\n\t\t\t\t\t\t<section class=\"elementor-section elementor-top-section elementor-element elementor-element-caa95f5 elementor-section-full_width elementor-section-height-default elementor-section-height-default\" data-id=\"caa95f5\" data-element_type=\"section\" data-settings=\"{&quot;background_background&quot;:&quot;classic&quot;}\">\n\t\t\t\t\t\t\t<div class=\"elementor-background-overlay\"><\/div>\n\t\t\t\t\t\t\t<div class=\"elementor-container elementor-column-gap-default\">\n\t\t\t\t\t<div class=\"elementor-column elementor-col-100 elementor-top-column elementor-element elementor-element-753224f0\" data-id=\"753224f0\" data-element_type=\"column\" data-settings=\"{&quot;background_background&quot;:&quot;classic&quot;}\">\n\t\t\t<div class=\"elementor-widget-wrap elementor-element-populated\">\n\t\t\t\t\t\t<div class=\"elementor-element elementor-element-263be469 elementor-widget elementor-widget-spacer\" data-id=\"263be469\" data-element_type=\"widget\" data-widget_type=\"spacer.default\">\n\t\t\t\t<div class=\"elementor-widget-container\">\n\t\t\t\t\t\t\t<div class=\"elementor-spacer\">\n\t\t\t<div class=\"elementor-spacer-inner\"><\/div>\n\t\t<\/div>\n\t\t\t\t\t\t<\/div>\n\t\t\t\t<\/div>\n\t\t\t\t<div class=\"elementor-element elementor-element-3fe8c500 elementor-widget elementor-widget-heading\" data-id=\"3fe8c500\" data-element_type=\"widget\" data-widget_type=\"heading.default\">\n\t\t\t\t<div class=\"elementor-widget-container\">\n\t\t\t\t\t<h2 class=\"elementor-heading-title elementor-size-default\">Mechanical engineering<\/h2>\t\t\t\t<\/div>\n\t\t\t\t<\/div>\n\t\t\t\t<div class=\"elementor-element elementor-element-732bec68 elementor-widget elementor-widget-spacer\" data-id=\"732bec68\" data-element_type=\"widget\" data-widget_type=\"spacer.default\">\n\t\t\t\t<div class=\"elementor-widget-container\">\n\t\t\t\t\t\t\t<div class=\"elementor-spacer\">\n\t\t\t<div class=\"elementor-spacer-inner\"><\/div>\n\t\t<\/div>\n\t\t\t\t\t\t<\/div>\n\t\t\t\t<\/div>\n\t\t\t\t\t<\/div>\n\t\t<\/div>\n\t\t\t\t\t<\/div>\n\t\t<\/section>\n\t\t\t\t<section class=\"elementor-section elementor-top-section elementor-element elementor-element-27514250 elementor-section-content-top elementor-section-boxed elementor-section-height-default elementor-section-height-default\" data-id=\"27514250\" data-element_type=\"section\" data-settings=\"{&quot;background_background&quot;:&quot;classic&quot;}\">\n\t\t\t\t\t\t<div class=\"elementor-container elementor-column-gap-wide\">\n\t\t\t\t\t<div class=\"elementor-column elementor-col-50 elementor-top-column elementor-element elementor-element-1865455\" data-id=\"1865455\" data-element_type=\"column\">\n\t\t\t<div class=\"elementor-widget-wrap elementor-element-populated\">\n\t\t\t\t\t\t<div class=\"elementor-element elementor-element-5b36a513 elementor-widget elementor-widget-heading\" data-id=\"5b36a513\" data-element_type=\"widget\" data-widget_type=\"heading.default\">\n\t\t\t\t<div class=\"elementor-widget-container\">\n\t\t\t\t\t<h2 class=\"elementor-heading-title elementor-size-default\">Mechanical engineering<\/h2>\t\t\t\t<\/div>\n\t\t\t\t<\/div>\n\t\t\t\t<div class=\"elementor-element elementor-element-be5f579 elementor-widget-divider--view-line elementor-widget elementor-widget-divider\" data-id=\"be5f579\" data-element_type=\"widget\" data-widget_type=\"divider.default\">\n\t\t\t\t<div class=\"elementor-widget-container\">\n\t\t\t\t\t\t\t<div class=\"elementor-divider\">\n\t\t\t<span class=\"elementor-divider-separator\">\n\t\t\t\t\t\t<\/span>\n\t\t<\/div>\n\t\t\t\t\t\t<\/div>\n\t\t\t\t<\/div>\n\t\t\t\t<div class=\"elementor-element elementor-element-74254e3 elementor-widget elementor-widget-spacer\" data-id=\"74254e3\" data-element_type=\"widget\" data-widget_type=\"spacer.default\">\n\t\t\t\t<div class=\"elementor-widget-container\">\n\t\t\t\t\t\t\t<div class=\"elementor-spacer\">\n\t\t\t<div class=\"elementor-spacer-inner\"><\/div>\n\t\t<\/div>\n\t\t\t\t\t\t<\/div>\n\t\t\t\t<\/div>\n\t\t\t\t<div class=\"elementor-element elementor-element-7b40e280 elementor-widget elementor-widget-text-editor\" data-id=\"7b40e280\" data-element_type=\"widget\" data-widget_type=\"text-editor.default\">\n\t\t\t\t<div class=\"elementor-widget-container\">\n\t\t\t\t\t\t\t\t\t<p>We provide a mechanical engineering service with a long and extensive experience base that allows us to consider product manufacturability, cost, installability and maintenance.<\/p>\n<p>The expertise of our mechanical engineers covers a wide range of industrial needs, with our focus on elevator technology.<\/p>\n\t\t\t\t\t\t\t\t<\/div>\n\t\t\t\t<\/div>\n\t\t\t\t<div class=\"elementor-element elementor-element-62df3f2a elementor-widget elementor-widget-spacer\" data-id=\"62df3f2a\" data-element_type=\"widget\" data-widget_type=\"spacer.default\">\n\t\t\t\t<div class=\"elementor-widget-container\">\n\t\t\t\t\t\t\t<div class=\"elementor-spacer\">\n\t\t\t<div class=\"elementor-spacer-inner\"><\/div>\n\t\t<\/div>\n\t\t\t\t\t\t<\/div>\n\t\t\t\t<\/div>\n\t\t\t\t\t<\/div>\n\t\t<\/div>\n\t\t\t\t<div class=\"elementor-column elementor-col-50 elementor-top-column elementor-element elementor-element-506be20f\" data-id=\"506be20f\" data-element_type=\"column\">\n\t\t\t<div class=\"elementor-widget-wrap elementor-element-populated\">\n\t\t\t\t\t\t<div class=\"elementor-element elementor-element-6a5cf9e1 elementor-widget elementor-widget-text-editor\" data-id=\"6a5cf9e1\" data-element_type=\"widget\" data-widget_type=\"text-editor.default\">\n\t\t\t\t<div class=\"elementor-widget-container\">\n\t\t\t\t\t\t\t\t\t<h3>Contact us<\/h3>\n\t\t\t\t\t\t\t\t<\/div>\n\t\t\t\t<\/div>\n\t\t\t\t<div class=\"elementor-element elementor-element-13674e1a elementor-widget elementor-widget-spacer\" data-id=\"13674e1a\" data-element_type=\"widget\" data-widget_type=\"spacer.default\">\n\t\t\t\t<div class=\"elementor-widget-container\">\n\t\t\t\t\t\t\t<div class=\"elementor-spacer\">\n\t\t\t<div class=\"elementor-spacer-inner\"><\/div>\n\t\t<\/div>\n\t\t\t\t\t\t<\/div>\n\t\t\t\t<\/div>\n\t\t\t\t<div class=\"elementor-element elementor-element-2a728d87 elementor-widget elementor-widget-image\" data-id=\"2a728d87\" data-element_type=\"widget\" data-widget_type=\"image.default\">\n\t\t\t\t<div class=\"elementor-widget-container\">\n\t\t\t\t\t\t\t\t\t\t\t\t\t\t\t<img fetchpriority=\"high\" decoding=\"async\" width=\"450\" height=\"450\" src=\"https:\/\/www.neteram.net\/wp-content\/uploads\/2019\/11\/Antti_Narhi.png\" class=\"attachment-full size-full wp-image-36\" alt=\"Antti N\u00e4rhi\" srcset=\"https:\/\/www.neteram.net\/wp-content\/uploads\/2019\/11\/Antti_Narhi.png 450w, https:\/\/www.neteram.net\/wp-content\/uploads\/2019\/11\/Antti_Narhi-150x150.png 150w, https:\/\/www.neteram.net\/wp-content\/uploads\/2019\/11\/Antti_Narhi-300x300.png 300w\" sizes=\"(max-width: 450px) 100vw, 450px\" \/>\t\t\t\t\t\t\t\t\t\t\t\t\t\t\t<\/div>\n\t\t\t\t<\/div>\n\t\t\t\t<div class=\"elementor-element elementor-element-1e0ff85e elementor-widget elementor-widget-spacer\" data-id=\"1e0ff85e\" data-element_type=\"widget\" data-widget_type=\"spacer.default\">\n\t\t\t\t<div class=\"elementor-widget-container\">\n\t\t\t\t\t\t\t<div class=\"elementor-spacer\">\n\t\t\t<div class=\"elementor-spacer-inner\"><\/div>\n\t\t<\/div>\n\t\t\t\t\t\t<\/div>\n\t\t\t\t<\/div>\n\t\t\t\t<div class=\"elementor-element elementor-element-695a2bf0 elementor-widget elementor-widget-text-editor\" data-id=\"695a2bf0\" data-element_type=\"widget\" data-widget_type=\"text-editor.default\">\n\t\t\t\t<div class=\"elementor-widget-container\">\n\t\t\t\t\t\t\t\t\t<p><strong>Antti N\u00e4rhi<\/strong><br \/>\nCOO, Senior Mechanical Designer<br \/>\n<a href=\"mailto:antti.narhi@neteram.net\">antti.narhi@neteram.net<\/a><br \/>\n<a href=\"tel:+358405001875\">+358 40 500 1875<\/a><\/p>\n\t\t\t\t\t\t\t\t<\/div>\n\t\t\t\t<\/div>\n\t\t\t\t<div class=\"elementor-element elementor-element-62b86ccc elementor-widget elementor-widget-spacer\" data-id=\"62b86ccc\" data-element_type=\"widget\" data-widget_type=\"spacer.default\">\n\t\t\t\t<div class=\"elementor-widget-container\">\n\t\t\t\t\t\t\t<div class=\"elementor-spacer\">\n\t\t\t<div class=\"elementor-spacer-inner\"><\/div>\n\t\t<\/div>\n\t\t\t\t\t\t<\/div>\n\t\t\t\t<\/div>\n\t\t\t\t\t<\/div>\n\t\t<\/div>\n\t\t\t\t\t<\/div>\n\t\t<\/section>\n\t\t\t\t<\/div>\n\t\t","protected":false},"excerpt":{"rendered":"<p>Mechanical engineering Mechanical engineering We provide a mechanical engineering service with a long and extensive experience base that allows us to consider product manufacturability, cost, installability and maintenance. The expertise of our mechanical engineers covers a wide range of industrial needs, with our focus on elevator technology. Contact us Antti N\u00e4rhi COO, Senior Mechanical Designer [&hellip;]<\/p>\n","protected":false},"author":1,"featured_media":0,"parent":158,"menu_order":0,"comment_status":"closed","ping_status":"closed","template":"","meta":{"site-sidebar-layout":"no-sidebar","site-content-layout":"page-builder","ast-site-content-layout":"default","site-content-style":"default","site-sidebar-style":"default","ast-global-header-display":"","ast-banner-title-visibility":"","ast-main-header-display":"","ast-hfb-above-header-display":"","ast-hfb-below-header-display":"","ast-hfb-mobile-header-display":"","site-post-title":"disabled","ast-breadcrumbs-content":"","ast-featured-img":"disabled","footer-sml-layout":"","theme-transparent-header-meta":"default","adv-header-id-meta":"","stick-header-meta":"","header-above-stick-meta":"","header-main-stick-meta":"","header-below-stick-meta":"","astra-migrate-meta-layouts":"default","ast-page-background-enabled":"default","ast-page-background-meta":{"desktop":{"background-color":"","background-image":"","background-repeat":"repeat","background-position":"center center","background-size":"auto","background-attachment":"scroll","background-type":"","background-media":"","overlay-type":"","overlay-color":"","overlay-opacity":"","overlay-gradient":""},"tablet":{"background-color":"","background-image":"","background-repeat":"repeat","background-position":"center center","background-size":"auto","background-attachment":"scroll","background-type":"","background-media":"","overlay-type":"","overlay-color":"","overlay-opacity":"","overlay-gradient":""},"mobile":{"background-color":"","background-image":"","background-repeat":"repeat","background-position":"center center","background-size":"auto","background-attachment":"scroll","background-type":"","background-media":"","overlay-type":"","overlay-color":"","overlay-opacity":"","overlay-gradient":""}},"ast-content-background-meta":{"desktop":{"background-color":"var(--ast-global-color-5)","background-image":"","background-repeat":"repeat","background-position":"center center","background-size":"auto","background-attachment":"scroll","background-type":"","background-media":"","overlay-type":"","overlay-color":"","overlay-opacity":"","overlay-gradient":""},"tablet":{"background-color":"var(--ast-global-color-5)","background-image":"","background-repeat":"repeat","background-position":"center center","background-size":"auto","background-attachment":"scroll","background-type":"","background-media":"","overlay-type":"","overlay-color":"","overlay-opacity":"","overlay-gradient":""},"mobile":{"background-color":"var(--ast-global-color-5)","background-image":"","background-repeat":"repeat","background-position":"center center","background-size":"auto","background-attachment":"scroll","background-type":"","background-media":"","overlay-type":"","overlay-color":"","overlay-opacity":"","overlay-gradient":""}},"footnotes":""},"class_list":["post-162","page","type-page","status-publish","hentry"],"yoast_head":"<!-- This site is optimized with the Yoast SEO plugin v26.0 - https:\/\/yoast.com\/wordpress\/plugins\/seo\/ -->\n<title>Mechanical engineering service with an extensive experience base - Neteram Oy<\/title>\n<meta name=\"description\" content=\"We provide a mechanical engineering service with a long experience base. Our expertise covers a wide range of industrial needs, with our focus on elevator technology.\" \/>\n<meta name=\"robots\" content=\"index, follow, max-snippet:-1, max-image-preview:large, max-video-preview:-1\" \/>\n<link rel=\"canonical\" href=\"https:\/\/www.neteram.net\/palvelut\/mekaniikkasuunnittelu\/\" \/>\n<meta property=\"og:locale\" content=\"en_US\" \/>\n<meta property=\"og:type\" content=\"article\" \/>\n<meta property=\"og:title\" content=\"Mechanical engineering service with an extensive experience base - Neteram Oy\" \/>\n<meta property=\"og:description\" content=\"We provide a mechanical engineering service with a long experience base. Our expertise covers a wide range of industrial needs, with our focus on elevator technology.\" \/>\n<meta property=\"og:url\" content=\"https:\/\/www.neteram.net\/palvelut\/mekaniikkasuunnittelu\/\" \/>\n<meta property=\"og:site_name\" content=\"Neteram Oy\" \/>\n<meta property=\"article:modified_time\" content=\"2019-12-10T12:56:28+00:00\" \/>\n<meta property=\"og:image\" content=\"https:\/\/www.neteram.fi\/wp-content\/uploads\/2019\/11\/Antti_Narhi.png\" \/>\n<meta name=\"twitter:card\" content=\"summary_large_image\" \/>\n<script type=\"application\/ld+json\" class=\"yoast-schema-graph\">{\"@context\":\"https:\/\/schema.org\",\"@graph\":[{\"@type\":\"WebPage\",\"@id\":\"https:\/\/www.neteram.net\/palvelut\/mekaniikkasuunnittelu\/\",\"url\":\"https:\/\/www.neteram.net\/palvelut\/mekaniikkasuunnittelu\/\",\"name\":\"Mechanical engineering service with an extensive experience base - Neteram Oy\",\"isPartOf\":{\"@id\":\"https:\/\/www.neteram.net\/#website\"},\"primaryImageOfPage\":{\"@id\":\"https:\/\/www.neteram.net\/palvelut\/mekaniikkasuunnittelu\/#primaryimage\"},\"image\":{\"@id\":\"https:\/\/www.neteram.net\/palvelut\/mekaniikkasuunnittelu\/#primaryimage\"},\"thumbnailUrl\":\"https:\/\/www.neteram.fi\/wp-content\/uploads\/2019\/11\/Antti_Narhi.png\",\"datePublished\":\"2019-11-08T10:43:48+00:00\",\"dateModified\":\"2019-12-10T12:56:28+00:00\",\"description\":\"We provide a mechanical engineering service with a long experience base. Our expertise covers a wide range of industrial needs, with our focus on elevator technology.\",\"breadcrumb\":{\"@id\":\"https:\/\/www.neteram.net\/palvelut\/mekaniikkasuunnittelu\/#breadcrumb\"},\"inLanguage\":\"en-US\",\"potentialAction\":[{\"@type\":\"ReadAction\",\"target\":[\"https:\/\/www.neteram.net\/palvelut\/mekaniikkasuunnittelu\/\"]}]},{\"@type\":\"ImageObject\",\"inLanguage\":\"en-US\",\"@id\":\"https:\/\/www.neteram.net\/palvelut\/mekaniikkasuunnittelu\/#primaryimage\",\"url\":\"https:\/\/www.neteram.fi\/wp-content\/uploads\/2019\/11\/Antti_Narhi.png\",\"contentUrl\":\"https:\/\/www.neteram.fi\/wp-content\/uploads\/2019\/11\/Antti_Narhi.png\"},{\"@type\":\"BreadcrumbList\",\"@id\":\"https:\/\/www.neteram.net\/palvelut\/mekaniikkasuunnittelu\/#breadcrumb\",\"itemListElement\":[{\"@type\":\"ListItem\",\"position\":1,\"name\":\"Home\",\"item\":\"https:\/\/www.neteram.net\/\"},{\"@type\":\"ListItem\",\"position\":2,\"name\":\"Services\",\"item\":\"https:\/\/www.neteram.net\/palvelut\/\"},{\"@type\":\"ListItem\",\"position\":3,\"name\":\"Mechanical engineering\"}]},{\"@type\":\"WebSite\",\"@id\":\"https:\/\/www.neteram.net\/#website\",\"url\":\"https:\/\/www.neteram.net\/\",\"name\":\"Neteram Oy\",\"description\":\"Yst\u00e4v\u00e4llist\u00e4 ja ketter\u00e4\u00e4 lujuuslaskentaa ja mekaniikkasuunnittelua\",\"publisher\":{\"@id\":\"https:\/\/www.neteram.net\/#organization\"},\"potentialAction\":[{\"@type\":\"SearchAction\",\"target\":{\"@type\":\"EntryPoint\",\"urlTemplate\":\"https:\/\/www.neteram.net\/?s={search_term_string}\"},\"query-input\":{\"@type\":\"PropertyValueSpecification\",\"valueRequired\":true,\"valueName\":\"search_term_string\"}}],\"inLanguage\":\"en-US\"},{\"@type\":\"Organization\",\"@id\":\"https:\/\/www.neteram.net\/#organization\",\"name\":\"Neteram Oy\",\"url\":\"https:\/\/www.neteram.net\/\",\"logo\":{\"@type\":\"ImageObject\",\"inLanguage\":\"en-US\",\"@id\":\"https:\/\/www.neteram.net\/#\/schema\/logo\/image\/\",\"url\":\"https:\/\/www.neteram.net\/wp-content\/uploads\/2019\/12\/Neteram-Oy-logo.png\",\"contentUrl\":\"https:\/\/www.neteram.net\/wp-content\/uploads\/2019\/12\/Neteram-Oy-logo.png\",\"width\":1772,\"height\":974,\"caption\":\"Neteram Oy\"},\"image\":{\"@id\":\"https:\/\/www.neteram.net\/#\/schema\/logo\/image\/\"}}]}<\/script>\n<!-- \/ Yoast SEO plugin. -->","yoast_head_json":{"title":"Mechanical engineering service with an extensive experience base - Neteram Oy","description":"We provide a mechanical engineering service with a long experience base. Our expertise covers a wide range of industrial needs, with our focus on elevator technology.","robots":{"index":"index","follow":"follow","max-snippet":"max-snippet:-1","max-image-preview":"max-image-preview:large","max-video-preview":"max-video-preview:-1"},"canonical":"https:\/\/www.neteram.net\/palvelut\/mekaniikkasuunnittelu\/","og_locale":"en_US","og_type":"article","og_title":"Mechanical engineering service with an extensive experience base - Neteram Oy","og_description":"We provide a mechanical engineering service with a long experience base. Our expertise covers a wide range of industrial needs, with our focus on elevator technology.","og_url":"https:\/\/www.neteram.net\/palvelut\/mekaniikkasuunnittelu\/","og_site_name":"Neteram Oy","article_modified_time":"2019-12-10T12:56:28+00:00","og_image":[{"url":"https:\/\/www.neteram.fi\/wp-content\/uploads\/2019\/11\/Antti_Narhi.png","type":"","width":"","height":""}],"twitter_card":"summary_large_image","schema":{"@context":"https:\/\/schema.org","@graph":[{"@type":"WebPage","@id":"https:\/\/www.neteram.net\/palvelut\/mekaniikkasuunnittelu\/","url":"https:\/\/www.neteram.net\/palvelut\/mekaniikkasuunnittelu\/","name":"Mechanical engineering service with an extensive experience base - Neteram Oy","isPartOf":{"@id":"https:\/\/www.neteram.net\/#website"},"primaryImageOfPage":{"@id":"https:\/\/www.neteram.net\/palvelut\/mekaniikkasuunnittelu\/#primaryimage"},"image":{"@id":"https:\/\/www.neteram.net\/palvelut\/mekaniikkasuunnittelu\/#primaryimage"},"thumbnailUrl":"https:\/\/www.neteram.fi\/wp-content\/uploads\/2019\/11\/Antti_Narhi.png","datePublished":"2019-11-08T10:43:48+00:00","dateModified":"2019-12-10T12:56:28+00:00","description":"We provide a mechanical engineering service with a long experience base. Our expertise covers a wide range of industrial needs, with our focus on elevator technology.","breadcrumb":{"@id":"https:\/\/www.neteram.net\/palvelut\/mekaniikkasuunnittelu\/#breadcrumb"},"inLanguage":"en-US","potentialAction":[{"@type":"ReadAction","target":["https:\/\/www.neteram.net\/palvelut\/mekaniikkasuunnittelu\/"]}]},{"@type":"ImageObject","inLanguage":"en-US","@id":"https:\/\/www.neteram.net\/palvelut\/mekaniikkasuunnittelu\/#primaryimage","url":"https:\/\/www.neteram.fi\/wp-content\/uploads\/2019\/11\/Antti_Narhi.png","contentUrl":"https:\/\/www.neteram.fi\/wp-content\/uploads\/2019\/11\/Antti_Narhi.png"},{"@type":"BreadcrumbList","@id":"https:\/\/www.neteram.net\/palvelut\/mekaniikkasuunnittelu\/#breadcrumb","itemListElement":[{"@type":"ListItem","position":1,"name":"Home","item":"https:\/\/www.neteram.net\/"},{"@type":"ListItem","position":2,"name":"Services","item":"https:\/\/www.neteram.net\/palvelut\/"},{"@type":"ListItem","position":3,"name":"Mechanical engineering"}]},{"@type":"WebSite","@id":"https:\/\/www.neteram.net\/#website","url":"https:\/\/www.neteram.net\/","name":"Neteram Oy","description":"Yst\u00e4v\u00e4llist\u00e4 ja ketter\u00e4\u00e4 lujuuslaskentaa ja mekaniikkasuunnittelua","publisher":{"@id":"https:\/\/www.neteram.net\/#organization"},"potentialAction":[{"@type":"SearchAction","target":{"@type":"EntryPoint","urlTemplate":"https:\/\/www.neteram.net\/?s={search_term_string}"},"query-input":{"@type":"PropertyValueSpecification","valueRequired":true,"valueName":"search_term_string"}}],"inLanguage":"en-US"},{"@type":"Organization","@id":"https:\/\/www.neteram.net\/#organization","name":"Neteram Oy","url":"https:\/\/www.neteram.net\/","logo":{"@type":"ImageObject","inLanguage":"en-US","@id":"https:\/\/www.neteram.net\/#\/schema\/logo\/image\/","url":"https:\/\/www.neteram.net\/wp-content\/uploads\/2019\/12\/Neteram-Oy-logo.png","contentUrl":"https:\/\/www.neteram.net\/wp-content\/uploads\/2019\/12\/Neteram-Oy-logo.png","width":1772,"height":974,"caption":"Neteram Oy"},"image":{"@id":"https:\/\/www.neteram.net\/#\/schema\/logo\/image\/"}}]}},"_links":{"self":[{"href":"https:\/\/www.neteram.net\/en\/wp-json\/wp\/v2\/pages\/162","targetHints":{"allow":["GET"]}}],"collection":[{"href":"https:\/\/www.neteram.net\/en\/wp-json\/wp\/v2\/pages"}],"about":[{"href":"https:\/\/www.neteram.net\/en\/wp-json\/wp\/v2\/types\/page"}],"author":[{"embeddable":true,"href":"https:\/\/www.neteram.net\/en\/wp-json\/wp\/v2\/users\/1"}],"replies":[{"embeddable":true,"href":"https:\/\/www.neteram.net\/en\/wp-json\/wp\/v2\/comments?post=162"}],"version-history":[{"count":5,"href":"https:\/\/www.neteram.net\/en\/wp-json\/wp\/v2\/pages\/162\/revisions"}],"predecessor-version":[{"id":344,"href":"https:\/\/www.neteram.net\/en\/wp-json\/wp\/v2\/pages\/162\/revisions\/344"}],"up":[{"embeddable":true,"href":"https:\/\/www.neteram.net\/en\/wp-json\/wp\/v2\/pages\/158"}],"wp:attachment":[{"href":"https:\/\/www.neteram.net\/en\/wp-json\/wp\/v2\/media?parent=162"}],"curies":[{"name":"wp","href":"https:\/\/api.w.org\/{rel}","templated":true}]}}