{"id":291,"date":"2019-11-14T10:44:30","date_gmt":"2019-11-14T08:44:30","guid":{"rendered":"https:\/\/www.neteram.fi\/references\/"},"modified":"2023-02-14T15:47:24","modified_gmt":"2023-02-14T13:47:24","slug":"references","status":"publish","type":"page","link":"https:\/\/www.neteram.net\/en\/references\/","title":{"rendered":"References"},"content":{"rendered":"\t\t<div data-elementor-type=\"wp-page\" data-elementor-id=\"291\" class=\"elementor elementor-291 elementor-79\" data-elementor-post-type=\"page\">\n\t\t\t\t\t\t<section class=\"elementor-section elementor-top-section elementor-element elementor-element-731a6710 elementor-section-full_width elementor-section-height-default elementor-section-height-default\" data-id=\"731a6710\" data-element_type=\"section\" data-settings=\"{&quot;background_background&quot;:&quot;classic&quot;}\">\n\t\t\t\t\t\t\t<div class=\"elementor-background-overlay\"><\/div>\n\t\t\t\t\t\t\t<div class=\"elementor-container elementor-column-gap-default\">\n\t\t\t\t\t<div class=\"elementor-column elementor-col-100 elementor-top-column elementor-element elementor-element-7296655b\" data-id=\"7296655b\" data-element_type=\"column\" data-settings=\"{&quot;background_background&quot;:&quot;classic&quot;}\">\n\t\t\t<div class=\"elementor-widget-wrap elementor-element-populated\">\n\t\t\t\t\t\t<div class=\"elementor-element elementor-element-34f77193 elementor-widget elementor-widget-spacer\" data-id=\"34f77193\" data-element_type=\"widget\" data-widget_type=\"spacer.default\">\n\t\t\t\t<div class=\"elementor-widget-container\">\n\t\t\t\t\t\t\t<div class=\"elementor-spacer\">\n\t\t\t<div class=\"elementor-spacer-inner\"><\/div>\n\t\t<\/div>\n\t\t\t\t\t\t<\/div>\n\t\t\t\t<\/div>\n\t\t\t\t<div class=\"elementor-element elementor-element-129eebf3 elementor-widget elementor-widget-heading\" data-id=\"129eebf3\" data-element_type=\"widget\" data-widget_type=\"heading.default\">\n\t\t\t\t<div class=\"elementor-widget-container\">\n\t\t\t\t\t<h2 class=\"elementor-heading-title elementor-size-default\">References<\/h2>\t\t\t\t<\/div>\n\t\t\t\t<\/div>\n\t\t\t\t<div class=\"elementor-element elementor-element-7603ae81 elementor-widget elementor-widget-spacer\" data-id=\"7603ae81\" data-element_type=\"widget\" data-widget_type=\"spacer.default\">\n\t\t\t\t<div class=\"elementor-widget-container\">\n\t\t\t\t\t\t\t<div class=\"elementor-spacer\">\n\t\t\t<div class=\"elementor-spacer-inner\"><\/div>\n\t\t<\/div>\n\t\t\t\t\t\t<\/div>\n\t\t\t\t<\/div>\n\t\t\t\t\t<\/div>\n\t\t<\/div>\n\t\t\t\t\t<\/div>\n\t\t<\/section>\n\t\t\t\t<section class=\"elementor-section elementor-top-section elementor-element elementor-element-43d7012a elementor-section-boxed elementor-section-height-default elementor-section-height-default\" data-id=\"43d7012a\" data-element_type=\"section\">\n\t\t\t\t\t\t<div class=\"elementor-container elementor-column-gap-default\">\n\t\t\t\t\t<div class=\"elementor-column elementor-col-20 elementor-top-column elementor-element elementor-element-dad67bc\" data-id=\"dad67bc\" data-element_type=\"column\" data-settings=\"{&quot;background_background&quot;:&quot;classic&quot;}\">\n\t\t\t<div class=\"elementor-widget-wrap elementor-element-populated\">\n\t\t\t\t\t<div class=\"elementor-background-overlay\"><\/div>\n\t\t\t\t\t\t<div class=\"elementor-element elementor-element-f4e27dc elementor-widget elementor-widget-image\" data-id=\"f4e27dc\" data-element_type=\"widget\" data-widget_type=\"image.default\">\n\t\t\t\t<div class=\"elementor-widget-container\">\n\t\t\t\t\t\t\t\t\t\t\t\t\t\t\t\t<a href=\"https:\/\/www.lasitusliike.fi\/\" target=\"_blank\">\n\t\t\t\t\t\t\t<img fetchpriority=\"high\" decoding=\"async\" width=\"500\" height=\"281\" src=\"https:\/\/www.neteram.net\/wp-content\/uploads\/2019\/11\/Kivijarvi.png\" class=\"attachment-full size-full wp-image-273\" alt=\"Kivij\u00e4rvi\" srcset=\"https:\/\/www.neteram.net\/wp-content\/uploads\/2019\/11\/Kivijarvi.png 500w, https:\/\/www.neteram.net\/wp-content\/uploads\/2019\/11\/Kivijarvi-300x169.png 300w\" sizes=\"(max-width: 500px) 100vw, 500px\" \/>\t\t\t\t\t\t\t\t<\/a>\n\t\t\t\t\t\t\t\t\t\t\t\t\t\t\t<\/div>\n\t\t\t\t<\/div>\n\t\t\t\t<div class=\"elementor-element elementor-element-11a8f27 elementor-widget elementor-widget-text-editor\" data-id=\"11a8f27\" data-element_type=\"widget\" data-widget_type=\"text-editor.default\">\n\t\t\t\t<div class=\"elementor-widget-container\">\n\t\t\t\t\t\t\t\t\t<p><strong>Lasitusliike Kivij\u00e4rvi Oy<\/strong><\/p>\n\t\t\t\t\t\t\t\t<\/div>\n\t\t\t\t<\/div>\n\t\t\t\t<div class=\"elementor-element elementor-element-1f651bf elementor-widget elementor-widget-spacer\" data-id=\"1f651bf\" data-element_type=\"widget\" data-widget_type=\"spacer.default\">\n\t\t\t\t<div class=\"elementor-widget-container\">\n\t\t\t\t\t\t\t<div class=\"elementor-spacer\">\n\t\t\t<div class=\"elementor-spacer-inner\"><\/div>\n\t\t<\/div>\n\t\t\t\t\t\t<\/div>\n\t\t\t\t<\/div>\n\t\t\t\t\t<\/div>\n\t\t<\/div>\n\t\t\t\t<div class=\"elementor-column elementor-col-20 elementor-top-column elementor-element elementor-element-a1a5c24\" data-id=\"a1a5c24\" data-element_type=\"column\" data-settings=\"{&quot;background_background&quot;:&quot;classic&quot;}\">\n\t\t\t<div class=\"elementor-widget-wrap elementor-element-populated\">\n\t\t\t\t\t<div class=\"elementor-background-overlay\"><\/div>\n\t\t\t\t\t\t<div class=\"elementor-element elementor-element-252bca9 elementor-widget elementor-widget-image\" data-id=\"252bca9\" data-element_type=\"widget\" data-widget_type=\"image.default\">\n\t\t\t\t<div class=\"elementor-widget-container\">\n\t\t\t\t\t\t\t\t\t\t\t\t\t\t\t<img decoding=\"async\" width=\"500\" height=\"281\" src=\"https:\/\/www.neteram.net\/wp-content\/uploads\/2019\/11\/Telemerkki.png\" class=\"attachment-full size-full wp-image-277\" alt=\"\" srcset=\"https:\/\/www.neteram.net\/wp-content\/uploads\/2019\/11\/Telemerkki.png 500w, https:\/\/www.neteram.net\/wp-content\/uploads\/2019\/11\/Telemerkki-300x169.png 300w\" sizes=\"(max-width: 500px) 100vw, 500px\" \/>\t\t\t\t\t\t\t\t\t\t\t\t\t\t\t<\/div>\n\t\t\t\t<\/div>\n\t\t\t\t<div class=\"elementor-element elementor-element-da1f1ab elementor-widget elementor-widget-text-editor\" data-id=\"da1f1ab\" data-element_type=\"widget\" data-widget_type=\"text-editor.default\">\n\t\t\t\t<div class=\"elementor-widget-container\">\n\t\t\t\t\t\t\t\t\t<p><strong>Telemerkki Oy<\/strong><\/p>\n\t\t\t\t\t\t\t\t<\/div>\n\t\t\t\t<\/div>\n\t\t\t\t<div class=\"elementor-element elementor-element-07600ff elementor-widget elementor-widget-spacer\" data-id=\"07600ff\" data-element_type=\"widget\" data-widget_type=\"spacer.default\">\n\t\t\t\t<div class=\"elementor-widget-container\">\n\t\t\t\t\t\t\t<div class=\"elementor-spacer\">\n\t\t\t<div class=\"elementor-spacer-inner\"><\/div>\n\t\t<\/div>\n\t\t\t\t\t\t<\/div>\n\t\t\t\t<\/div>\n\t\t\t\t\t<\/div>\n\t\t<\/div>\n\t\t\t\t<div class=\"elementor-column elementor-col-20 elementor-top-column elementor-element elementor-element-552832b\" data-id=\"552832b\" data-element_type=\"column\" data-settings=\"{&quot;background_background&quot;:&quot;classic&quot;}\">\n\t\t\t<div class=\"elementor-widget-wrap elementor-element-populated\">\n\t\t\t\t\t<div class=\"elementor-background-overlay\"><\/div>\n\t\t\t\t\t\t<div class=\"elementor-element elementor-element-0e942c8 elementor-widget elementor-widget-image\" data-id=\"0e942c8\" data-element_type=\"widget\" data-widget_type=\"image.default\">\n\t\t\t\t<div class=\"elementor-widget-container\">\n\t\t\t\t\t\t\t\t\t\t\t\t\t\t\t\t<a href=\"https:\/\/www.westpro.fi\/\" target=\"_blank\">\n\t\t\t\t\t\t\t<img decoding=\"async\" width=\"500\" height=\"281\" src=\"https:\/\/www.neteram.net\/wp-content\/uploads\/2019\/11\/Westpro.png\" class=\"attachment-full size-full wp-image-279\" alt=\"\" srcset=\"https:\/\/www.neteram.net\/wp-content\/uploads\/2019\/11\/Westpro.png 500w, https:\/\/www.neteram.net\/wp-content\/uploads\/2019\/11\/Westpro-300x169.png 300w\" sizes=\"(max-width: 500px) 100vw, 500px\" \/>\t\t\t\t\t\t\t\t<\/a>\n\t\t\t\t\t\t\t\t\t\t\t\t\t\t\t<\/div>\n\t\t\t\t<\/div>\n\t\t\t\t<div class=\"elementor-element elementor-element-4851322 elementor-widget elementor-widget-text-editor\" data-id=\"4851322\" data-element_type=\"widget\" data-widget_type=\"text-editor.default\">\n\t\t\t\t<div class=\"elementor-widget-container\">\n\t\t\t\t\t\t\t\t\t<p><strong>WestPro Oy<\/strong><\/p>\n\t\t\t\t\t\t\t\t<\/div>\n\t\t\t\t<\/div>\n\t\t\t\t<div class=\"elementor-element elementor-element-c96f4d1 elementor-widget elementor-widget-spacer\" data-id=\"c96f4d1\" data-element_type=\"widget\" data-widget_type=\"spacer.default\">\n\t\t\t\t<div class=\"elementor-widget-container\">\n\t\t\t\t\t\t\t<div class=\"elementor-spacer\">\n\t\t\t<div class=\"elementor-spacer-inner\"><\/div>\n\t\t<\/div>\n\t\t\t\t\t\t<\/div>\n\t\t\t\t<\/div>\n\t\t\t\t\t<\/div>\n\t\t<\/div>\n\t\t\t\t<div class=\"elementor-column elementor-col-20 elementor-top-column elementor-element elementor-element-b105bb8\" data-id=\"b105bb8\" data-element_type=\"column\" data-settings=\"{&quot;background_background&quot;:&quot;classic&quot;}\">\n\t\t\t<div class=\"elementor-widget-wrap elementor-element-populated\">\n\t\t\t\t\t<div class=\"elementor-background-overlay\"><\/div>\n\t\t\t\t\t\t<div class=\"elementor-element elementor-element-d9807dd elementor-widget elementor-widget-spacer\" data-id=\"d9807dd\" data-element_type=\"widget\" data-widget_type=\"spacer.default\">\n\t\t\t\t<div class=\"elementor-widget-container\">\n\t\t\t\t\t\t\t<div class=\"elementor-spacer\">\n\t\t\t<div class=\"elementor-spacer-inner\"><\/div>\n\t\t<\/div>\n\t\t\t\t\t\t<\/div>\n\t\t\t\t<\/div>\n\t\t\t\t<div class=\"elementor-element elementor-element-3d833f6 elementor-widget elementor-widget-image\" data-id=\"3d833f6\" data-element_type=\"widget\" data-widget_type=\"image.default\">\n\t\t\t\t<div class=\"elementor-widget-container\">\n\t\t\t\t\t\t\t\t\t\t\t\t\t\t\t\t<a href=\"https:\/\/www.steelpro.fi\/en\/\" target=\"_blank\">\n\t\t\t\t\t\t\t<img loading=\"lazy\" decoding=\"async\" width=\"1000\" height=\"244\" src=\"https:\/\/www.neteram.net\/wp-content\/uploads\/2020\/11\/SteelPro-logo.png\" class=\"attachment-full size-full wp-image-602\" alt=\"SteelPro\" srcset=\"https:\/\/www.neteram.net\/wp-content\/uploads\/2020\/11\/SteelPro-logo.png 1000w, https:\/\/www.neteram.net\/wp-content\/uploads\/2020\/11\/SteelPro-logo-300x73.png 300w, https:\/\/www.neteram.net\/wp-content\/uploads\/2020\/11\/SteelPro-logo-768x187.png 768w\" sizes=\"(max-width: 1000px) 100vw, 1000px\" \/>\t\t\t\t\t\t\t\t<\/a>\n\t\t\t\t\t\t\t\t\t\t\t\t\t\t\t<\/div>\n\t\t\t\t<\/div>\n\t\t\t\t<div class=\"elementor-element elementor-element-02e50ab elementor-widget elementor-widget-spacer\" data-id=\"02e50ab\" data-element_type=\"widget\" data-widget_type=\"spacer.default\">\n\t\t\t\t<div class=\"elementor-widget-container\">\n\t\t\t\t\t\t\t<div class=\"elementor-spacer\">\n\t\t\t<div class=\"elementor-spacer-inner\"><\/div>\n\t\t<\/div>\n\t\t\t\t\t\t<\/div>\n\t\t\t\t<\/div>\n\t\t\t\t<div class=\"elementor-element elementor-element-c82c928 elementor-widget elementor-widget-text-editor\" data-id=\"c82c928\" data-element_type=\"widget\" data-widget_type=\"text-editor.default\">\n\t\t\t\t<div class=\"elementor-widget-container\">\n\t\t\t\t\t\t\t\t\t<p><strong>SteelPro Oy Ltd<\/strong><\/p>\n\t\t\t\t\t\t\t\t<\/div>\n\t\t\t\t<\/div>\n\t\t\t\t<div class=\"elementor-element elementor-element-8172e6e elementor-widget elementor-widget-spacer\" data-id=\"8172e6e\" data-element_type=\"widget\" data-widget_type=\"spacer.default\">\n\t\t\t\t<div class=\"elementor-widget-container\">\n\t\t\t\t\t\t\t<div class=\"elementor-spacer\">\n\t\t\t<div class=\"elementor-spacer-inner\"><\/div>\n\t\t<\/div>\n\t\t\t\t\t\t<\/div>\n\t\t\t\t<\/div>\n\t\t\t\t\t<\/div>\n\t\t<\/div>\n\t\t\t\t<div class=\"elementor-column elementor-col-20 elementor-top-column elementor-element elementor-element-0d245b0\" data-id=\"0d245b0\" data-element_type=\"column\" data-settings=\"{&quot;background_background&quot;:&quot;classic&quot;}\">\n\t\t\t<div class=\"elementor-widget-wrap elementor-element-populated\">\n\t\t\t\t\t<div class=\"elementor-background-overlay\"><\/div>\n\t\t\t\t\t\t<div class=\"elementor-element elementor-element-d1d0b28 elementor-widget elementor-widget-spacer\" data-id=\"d1d0b28\" data-element_type=\"widget\" data-widget_type=\"spacer.default\">\n\t\t\t\t<div class=\"elementor-widget-container\">\n\t\t\t\t\t\t\t<div class=\"elementor-spacer\">\n\t\t\t<div class=\"elementor-spacer-inner\"><\/div>\n\t\t<\/div>\n\t\t\t\t\t\t<\/div>\n\t\t\t\t<\/div>\n\t\t\t\t<div class=\"elementor-element elementor-element-2680d5f elementor-widget elementor-widget-image\" data-id=\"2680d5f\" data-element_type=\"widget\" data-widget_type=\"image.default\">\n\t\t\t\t<div class=\"elementor-widget-container\">\n\t\t\t\t\t\t\t\t\t\t\t\t\t\t\t\t<a href=\"https:\/\/masteramp.fi\/english.html\" target=\"_blank\">\n\t\t\t\t\t\t\t<img decoding=\"async\" src=\"https:\/\/www.neteram.net\/wp-content\/uploads\/2023\/02\/masteramp-logo_1.png\" title=\"masteramp-logo_1\" alt=\"masteramp\" loading=\"lazy\" \/>\t\t\t\t\t\t\t\t<\/a>\n\t\t\t\t\t\t\t\t\t\t\t\t\t\t\t<\/div>\n\t\t\t\t<\/div>\n\t\t\t\t<div class=\"elementor-element elementor-element-fbef5c1 elementor-widget elementor-widget-spacer\" data-id=\"fbef5c1\" data-element_type=\"widget\" data-widget_type=\"spacer.default\">\n\t\t\t\t<div class=\"elementor-widget-container\">\n\t\t\t\t\t\t\t<div class=\"elementor-spacer\">\n\t\t\t<div class=\"elementor-spacer-inner\"><\/div>\n\t\t<\/div>\n\t\t\t\t\t\t<\/div>\n\t\t\t\t<\/div>\n\t\t\t\t<div class=\"elementor-element elementor-element-4698c73 elementor-widget elementor-widget-text-editor\" data-id=\"4698c73\" data-element_type=\"widget\" data-widget_type=\"text-editor.default\">\n\t\t\t\t<div class=\"elementor-widget-container\">\n\t\t\t\t\t\t\t\t\t<p><strong>MasterAmp Oy<\/strong><\/p>\n\t\t\t\t\t\t\t\t<\/div>\n\t\t\t\t<\/div>\n\t\t\t\t<div class=\"elementor-element elementor-element-db705cc elementor-widget elementor-widget-spacer\" data-id=\"db705cc\" data-element_type=\"widget\" data-widget_type=\"spacer.default\">\n\t\t\t\t<div class=\"elementor-widget-container\">\n\t\t\t\t\t\t\t<div class=\"elementor-spacer\">\n\t\t\t<div class=\"elementor-spacer-inner\"><\/div>\n\t\t<\/div>\n\t\t\t\t\t\t<\/div>\n\t\t\t\t<\/div>\n\t\t\t\t\t<\/div>\n\t\t<\/div>\n\t\t\t\t\t<\/div>\n\t\t<\/section>\n\t\t\t\t<\/div>\n\t\t","protected":false},"excerpt":{"rendered":"<p>References Lasitusliike Kivij\u00e4rvi Oy Telemerkki Oy WestPro Oy SteelPro Oy Ltd MasterAmp Oy<\/p>\n","protected":false},"author":1,"featured_media":0,"parent":0,"menu_order":0,"comment_status":"closed","ping_status":"closed","template":"","meta":{"site-sidebar-layout":"no-sidebar","site-content-layout":"page-builder","ast-site-content-layout":"default","site-content-style":"default","site-sidebar-style":"default","ast-global-header-display":"","ast-banner-title-visibility":"","ast-main-header-display":"disabled","ast-hfb-above-header-display":"","ast-hfb-below-header-display":"","ast-hfb-mobile-header-display":"","site-post-title":"disabled","ast-breadcrumbs-content":"","ast-featured-img":"disabled","footer-sml-layout":"","theme-transparent-header-meta":"default","adv-header-id-meta":"","stick-header-meta":"","header-above-stick-meta":"","header-main-stick-meta":"","header-below-stick-meta":"","astra-migrate-meta-layouts":"default","ast-page-background-enabled":"default","ast-page-background-meta":{"desktop":{"background-color":"","background-image":"","background-repeat":"repeat","background-position":"center center","background-size":"auto","background-attachment":"scroll","background-type":"","background-media":"","overlay-type":"","overlay-color":"","overlay-opacity":"","overlay-gradient":""},"tablet":{"background-color":"","background-image":"","background-repeat":"repeat","background-position":"center center","background-size":"auto","background-attachment":"scroll","background-type":"","background-media":"","overlay-type":"","overlay-color":"","overlay-opacity":"","overlay-gradient":""},"mobile":{"background-color":"","background-image":"","background-repeat":"repeat","background-position":"center center","background-size":"auto","background-attachment":"scroll","background-type":"","background-media":"","overlay-type":"","overlay-color":"","overlay-opacity":"","overlay-gradient":""}},"ast-content-background-meta":{"desktop":{"background-color":"var(--ast-global-color-5)","background-image":"","background-repeat":"repeat","background-position":"center center","background-size":"auto","background-attachment":"scroll","background-type":"","background-media":"","overlay-type":"","overlay-color":"","overlay-opacity":"","overlay-gradient":""},"tablet":{"background-color":"var(--ast-global-color-5)","background-image":"","background-repeat":"repeat","background-position":"center center","background-size":"auto","background-attachment":"scroll","background-type":"","background-media":"","overlay-type":"","overlay-color":"","overlay-opacity":"","overlay-gradient":""},"mobile":{"background-color":"var(--ast-global-color-5)","background-image":"","background-repeat":"repeat","background-position":"center center","background-size":"auto","background-attachment":"scroll","background-type":"","background-media":"","overlay-type":"","overlay-color":"","overlay-opacity":"","overlay-gradient":""}},"footnotes":""},"class_list":["post-291","page","type-page","status-publish","hentry"],"yoast_head":"<!-- This site is optimized with the Yoast SEO plugin v26.0 - https:\/\/yoast.com\/wordpress\/plugins\/seo\/ -->\n<title>References &#8211; Neteram Oy<\/title>\n<meta name=\"description\" content=\"Our references - examples of the customers of Neteram Oy\" \/>\n<meta name=\"robots\" content=\"index, follow, max-snippet:-1, max-image-preview:large, max-video-preview:-1\" \/>\n<link rel=\"canonical\" href=\"https:\/\/www.neteram.net\/en\/references\/\" \/>\n<meta property=\"og:locale\" content=\"en_US\" \/>\n<meta property=\"og:type\" content=\"article\" \/>\n<meta property=\"og:title\" content=\"References &#8211; Neteram Oy\" \/>\n<meta property=\"og:description\" content=\"Our references - examples of the customers of Neteram Oy\" \/>\n<meta property=\"og:url\" content=\"https:\/\/www.neteram.net\/en\/references\/\" \/>\n<meta property=\"og:site_name\" content=\"Neteram Oy\" \/>\n<meta property=\"article:modified_time\" content=\"2023-02-14T13:47:24+00:00\" \/>\n<meta property=\"og:image\" content=\"https:\/\/www.neteram.net\/wp-content\/uploads\/2019\/11\/Kivijarvi.png\" \/>\n<meta name=\"twitter:card\" content=\"summary_large_image\" \/>\n<meta name=\"twitter:label1\" content=\"Est. reading time\" \/>\n\t<meta name=\"twitter:data1\" content=\"2 minutes\" \/>\n<script type=\"application\/ld+json\" class=\"yoast-schema-graph\">{\"@context\":\"https:\/\/schema.org\",\"@graph\":[{\"@type\":\"WebPage\",\"@id\":\"https:\/\/www.neteram.net\/en\/references\/\",\"url\":\"https:\/\/www.neteram.net\/en\/references\/\",\"name\":\"References &#8211; Neteram Oy\",\"isPartOf\":{\"@id\":\"https:\/\/www.neteram.net\/#website\"},\"primaryImageOfPage\":{\"@id\":\"https:\/\/www.neteram.net\/en\/references\/#primaryimage\"},\"image\":{\"@id\":\"https:\/\/www.neteram.net\/en\/references\/#primaryimage\"},\"thumbnailUrl\":\"https:\/\/www.neteram.net\/wp-content\/uploads\/2019\/11\/Kivijarvi.png\",\"datePublished\":\"2019-11-14T08:44:30+00:00\",\"dateModified\":\"2023-02-14T13:47:24+00:00\",\"description\":\"Our references - examples of the customers of Neteram Oy\",\"breadcrumb\":{\"@id\":\"https:\/\/www.neteram.net\/en\/references\/#breadcrumb\"},\"inLanguage\":\"en-US\",\"potentialAction\":[{\"@type\":\"ReadAction\",\"target\":[\"https:\/\/www.neteram.net\/en\/references\/\"]}]},{\"@type\":\"ImageObject\",\"inLanguage\":\"en-US\",\"@id\":\"https:\/\/www.neteram.net\/en\/references\/#primaryimage\",\"url\":\"https:\/\/www.neteram.net\/wp-content\/uploads\/2019\/11\/Kivijarvi.png\",\"contentUrl\":\"https:\/\/www.neteram.net\/wp-content\/uploads\/2019\/11\/Kivijarvi.png\"},{\"@type\":\"BreadcrumbList\",\"@id\":\"https:\/\/www.neteram.net\/en\/references\/#breadcrumb\",\"itemListElement\":[{\"@type\":\"ListItem\",\"position\":1,\"name\":\"Home\",\"item\":\"https:\/\/www.neteram.net\/\"},{\"@type\":\"ListItem\",\"position\":2,\"name\":\"References\"}]},{\"@type\":\"WebSite\",\"@id\":\"https:\/\/www.neteram.net\/#website\",\"url\":\"https:\/\/www.neteram.net\/\",\"name\":\"Neteram Oy\",\"description\":\"Yst\u00e4v\u00e4llist\u00e4 ja ketter\u00e4\u00e4 lujuuslaskentaa ja mekaniikkasuunnittelua\",\"publisher\":{\"@id\":\"https:\/\/www.neteram.net\/#organization\"},\"potentialAction\":[{\"@type\":\"SearchAction\",\"target\":{\"@type\":\"EntryPoint\",\"urlTemplate\":\"https:\/\/www.neteram.net\/?s={search_term_string}\"},\"query-input\":{\"@type\":\"PropertyValueSpecification\",\"valueRequired\":true,\"valueName\":\"search_term_string\"}}],\"inLanguage\":\"en-US\"},{\"@type\":\"Organization\",\"@id\":\"https:\/\/www.neteram.net\/#organization\",\"name\":\"Neteram Oy\",\"url\":\"https:\/\/www.neteram.net\/\",\"logo\":{\"@type\":\"ImageObject\",\"inLanguage\":\"en-US\",\"@id\":\"https:\/\/www.neteram.net\/#\/schema\/logo\/image\/\",\"url\":\"https:\/\/www.neteram.net\/wp-content\/uploads\/2019\/12\/Neteram-Oy-logo.png\",\"contentUrl\":\"https:\/\/www.neteram.net\/wp-content\/uploads\/2019\/12\/Neteram-Oy-logo.png\",\"width\":1772,\"height\":974,\"caption\":\"Neteram Oy\"},\"image\":{\"@id\":\"https:\/\/www.neteram.net\/#\/schema\/logo\/image\/\"}}]}<\/script>\n<!-- \/ Yoast SEO plugin. -->","yoast_head_json":{"title":"References &#8211; Neteram Oy","description":"Our references - examples of the customers of Neteram Oy","robots":{"index":"index","follow":"follow","max-snippet":"max-snippet:-1","max-image-preview":"max-image-preview:large","max-video-preview":"max-video-preview:-1"},"canonical":"https:\/\/www.neteram.net\/en\/references\/","og_locale":"en_US","og_type":"article","og_title":"References &#8211; Neteram Oy","og_description":"Our references - examples of the customers of Neteram Oy","og_url":"https:\/\/www.neteram.net\/en\/references\/","og_site_name":"Neteram Oy","article_modified_time":"2023-02-14T13:47:24+00:00","og_image":[{"url":"https:\/\/www.neteram.net\/wp-content\/uploads\/2019\/11\/Kivijarvi.png","type":"","width":"","height":""}],"twitter_card":"summary_large_image","twitter_misc":{"Est. reading time":"2 minutes"},"schema":{"@context":"https:\/\/schema.org","@graph":[{"@type":"WebPage","@id":"https:\/\/www.neteram.net\/en\/references\/","url":"https:\/\/www.neteram.net\/en\/references\/","name":"References &#8211; Neteram Oy","isPartOf":{"@id":"https:\/\/www.neteram.net\/#website"},"primaryImageOfPage":{"@id":"https:\/\/www.neteram.net\/en\/references\/#primaryimage"},"image":{"@id":"https:\/\/www.neteram.net\/en\/references\/#primaryimage"},"thumbnailUrl":"https:\/\/www.neteram.net\/wp-content\/uploads\/2019\/11\/Kivijarvi.png","datePublished":"2019-11-14T08:44:30+00:00","dateModified":"2023-02-14T13:47:24+00:00","description":"Our references - examples of the customers of Neteram Oy","breadcrumb":{"@id":"https:\/\/www.neteram.net\/en\/references\/#breadcrumb"},"inLanguage":"en-US","potentialAction":[{"@type":"ReadAction","target":["https:\/\/www.neteram.net\/en\/references\/"]}]},{"@type":"ImageObject","inLanguage":"en-US","@id":"https:\/\/www.neteram.net\/en\/references\/#primaryimage","url":"https:\/\/www.neteram.net\/wp-content\/uploads\/2019\/11\/Kivijarvi.png","contentUrl":"https:\/\/www.neteram.net\/wp-content\/uploads\/2019\/11\/Kivijarvi.png"},{"@type":"BreadcrumbList","@id":"https:\/\/www.neteram.net\/en\/references\/#breadcrumb","itemListElement":[{"@type":"ListItem","position":1,"name":"Home","item":"https:\/\/www.neteram.net\/"},{"@type":"ListItem","position":2,"name":"References"}]},{"@type":"WebSite","@id":"https:\/\/www.neteram.net\/#website","url":"https:\/\/www.neteram.net\/","name":"Neteram Oy","description":"Yst\u00e4v\u00e4llist\u00e4 ja ketter\u00e4\u00e4 lujuuslaskentaa ja mekaniikkasuunnittelua","publisher":{"@id":"https:\/\/www.neteram.net\/#organization"},"potentialAction":[{"@type":"SearchAction","target":{"@type":"EntryPoint","urlTemplate":"https:\/\/www.neteram.net\/?s={search_term_string}"},"query-input":{"@type":"PropertyValueSpecification","valueRequired":true,"valueName":"search_term_string"}}],"inLanguage":"en-US"},{"@type":"Organization","@id":"https:\/\/www.neteram.net\/#organization","name":"Neteram Oy","url":"https:\/\/www.neteram.net\/","logo":{"@type":"ImageObject","inLanguage":"en-US","@id":"https:\/\/www.neteram.net\/#\/schema\/logo\/image\/","url":"https:\/\/www.neteram.net\/wp-content\/uploads\/2019\/12\/Neteram-Oy-logo.png","contentUrl":"https:\/\/www.neteram.net\/wp-content\/uploads\/2019\/12\/Neteram-Oy-logo.png","width":1772,"height":974,"caption":"Neteram Oy"},"image":{"@id":"https:\/\/www.neteram.net\/#\/schema\/logo\/image\/"}}]}},"_links":{"self":[{"href":"https:\/\/www.neteram.net\/en\/wp-json\/wp\/v2\/pages\/291","targetHints":{"allow":["GET"]}}],"collection":[{"href":"https:\/\/www.neteram.net\/en\/wp-json\/wp\/v2\/pages"}],"about":[{"href":"https:\/\/www.neteram.net\/en\/wp-json\/wp\/v2\/types\/page"}],"author":[{"embeddable":true,"href":"https:\/\/www.neteram.net\/en\/wp-json\/wp\/v2\/users\/1"}],"replies":[{"embeddable":true,"href":"https:\/\/www.neteram.net\/en\/wp-json\/wp\/v2\/comments?post=291"}],"version-history":[{"count":15,"href":"https:\/\/www.neteram.net\/en\/wp-json\/wp\/v2\/pages\/291\/revisions"}],"predecessor-version":[{"id":953,"href":"https:\/\/www.neteram.net\/en\/wp-json\/wp\/v2\/pages\/291\/revisions\/953"}],"wp:attachment":[{"href":"https:\/\/www.neteram.net\/en\/wp-json\/wp\/v2\/media?parent=291"}],"curies":[{"name":"wp","href":"https:\/\/api.w.org\/{rel}","templated":true}]}}