{"id":293,"date":"2019-11-14T10:45:49","date_gmt":"2019-11-14T08:45:49","guid":{"rendered":"https:\/\/www.neteram.fi\/careers\/"},"modified":"2026-01-01T12:58:26","modified_gmt":"2026-01-01T10:58:26","slug":"careers","status":"publish","type":"page","link":"https:\/\/www.neteram.net\/en\/careers\/","title":{"rendered":"Careers"},"content":{"rendered":"\t\t<div data-elementor-type=\"wp-page\" data-elementor-id=\"293\" class=\"elementor elementor-293 elementor-81\" data-elementor-post-type=\"page\">\n\t\t\t\t\t\t<section class=\"elementor-section elementor-top-section elementor-element elementor-element-75e358bb elementor-section-full_width elementor-section-height-default elementor-section-height-default\" data-id=\"75e358bb\" data-element_type=\"section\" data-settings=\"{&quot;background_background&quot;:&quot;classic&quot;}\">\n\t\t\t\t\t\t\t<div class=\"elementor-background-overlay\"><\/div>\n\t\t\t\t\t\t\t<div class=\"elementor-container elementor-column-gap-default\">\n\t\t\t\t\t<div class=\"elementor-column elementor-col-100 elementor-top-column elementor-element elementor-element-2d7408cb\" data-id=\"2d7408cb\" data-element_type=\"column\" data-settings=\"{&quot;background_background&quot;:&quot;classic&quot;}\">\n\t\t\t<div class=\"elementor-widget-wrap elementor-element-populated\">\n\t\t\t\t\t\t<div class=\"elementor-element elementor-element-7d28d586 elementor-widget elementor-widget-spacer\" data-id=\"7d28d586\" data-element_type=\"widget\" data-widget_type=\"spacer.default\">\n\t\t\t\t<div class=\"elementor-widget-container\">\n\t\t\t\t\t\t\t<div class=\"elementor-spacer\">\n\t\t\t<div class=\"elementor-spacer-inner\"><\/div>\n\t\t<\/div>\n\t\t\t\t\t\t<\/div>\n\t\t\t\t<\/div>\n\t\t\t\t<div class=\"elementor-element elementor-element-630b90c1 elementor-widget elementor-widget-heading\" data-id=\"630b90c1\" data-element_type=\"widget\" data-widget_type=\"heading.default\">\n\t\t\t\t<div class=\"elementor-widget-container\">\n\t\t\t\t\t<h2 class=\"elementor-heading-title elementor-size-default\">Careers<\/h2>\t\t\t\t<\/div>\n\t\t\t\t<\/div>\n\t\t\t\t<div class=\"elementor-element elementor-element-5b01c550 elementor-widget elementor-widget-spacer\" data-id=\"5b01c550\" data-element_type=\"widget\" data-widget_type=\"spacer.default\">\n\t\t\t\t<div class=\"elementor-widget-container\">\n\t\t\t\t\t\t\t<div class=\"elementor-spacer\">\n\t\t\t<div class=\"elementor-spacer-inner\"><\/div>\n\t\t<\/div>\n\t\t\t\t\t\t<\/div>\n\t\t\t\t<\/div>\n\t\t\t\t\t<\/div>\n\t\t<\/div>\n\t\t\t\t\t<\/div>\n\t\t<\/section>\n\t\t\t\t<section class=\"elementor-section elementor-top-section elementor-element elementor-element-386bc897 elementor-section-content-top elementor-section-boxed elementor-section-height-default elementor-section-height-default\" data-id=\"386bc897\" data-element_type=\"section\">\n\t\t\t\t\t\t<div class=\"elementor-container elementor-column-gap-wide\">\n\t\t\t\t\t<div class=\"elementor-column elementor-col-50 elementor-top-column elementor-element elementor-element-4037a745\" data-id=\"4037a745\" data-element_type=\"column\">\n\t\t\t<div class=\"elementor-widget-wrap elementor-element-populated\">\n\t\t\t\t\t\t<div class=\"elementor-element elementor-element-e0332db elementor-widget__width-initial elementor-widget elementor-widget-heading\" data-id=\"e0332db\" data-element_type=\"widget\" data-widget_type=\"heading.default\">\n\t\t\t\t<div class=\"elementor-widget-container\">\n\t\t\t\t\t<h2 class=\"elementor-heading-title elementor-size-default\">Want to work with us?<\/h2>\t\t\t\t<\/div>\n\t\t\t\t<\/div>\n\t\t\t\t<div class=\"elementor-element elementor-element-9600da4 elementor-widget-divider--view-line elementor-widget elementor-widget-divider\" data-id=\"9600da4\" data-element_type=\"widget\" data-widget_type=\"divider.default\">\n\t\t\t\t<div class=\"elementor-widget-container\">\n\t\t\t\t\t\t\t<div class=\"elementor-divider\">\n\t\t\t<span class=\"elementor-divider-separator\">\n\t\t\t\t\t\t<\/span>\n\t\t<\/div>\n\t\t\t\t\t\t<\/div>\n\t\t\t\t<\/div>\n\t\t\t\t<div class=\"elementor-element elementor-element-b31531a elementor-widget elementor-widget-text-editor\" data-id=\"b31531a\" data-element_type=\"widget\" data-widget_type=\"text-editor.default\">\n\t\t\t\t<div class=\"elementor-widget-container\">\n\t\t\t\t\t\t\t\t\t<p>At Neteram Oy, we know that employees are the most important asset of the company. That is why we are constantly striving to maintain our common well-being and we want the well-being of our employees to be reflected in our daily work and customer satisfaction.<\/p>\n<p>We are consistently looking for new employees. Feel free to contact us if you are interested in working for Neteram Oy.<\/p>\n\t\t\t\t\t\t\t\t<\/div>\n\t\t\t\t<\/div>\n\t\t\t\t<div class=\"elementor-element elementor-element-f809f87 elementor-widget elementor-widget-spacer\" data-id=\"f809f87\" data-element_type=\"widget\" data-widget_type=\"spacer.default\">\n\t\t\t\t<div class=\"elementor-widget-container\">\n\t\t\t\t\t\t\t<div class=\"elementor-spacer\">\n\t\t\t<div class=\"elementor-spacer-inner\"><\/div>\n\t\t<\/div>\n\t\t\t\t\t\t<\/div>\n\t\t\t\t<\/div>\n\t\t\t\t<div class=\"elementor-element elementor-element-830bc3c elementor-widget elementor-widget-heading\" data-id=\"830bc3c\" data-element_type=\"widget\" data-widget_type=\"heading.default\">\n\t\t\t\t<div class=\"elementor-widget-container\">\n\t\t\t\t\t<h4 class=\"elementor-heading-title elementor-size-default\">Contact us<\/h4>\t\t\t\t<\/div>\n\t\t\t\t<\/div>\n\t\t\t\t<div class=\"elementor-element elementor-element-6193444 elementor-widget elementor-widget-spacer\" data-id=\"6193444\" data-element_type=\"widget\" data-widget_type=\"spacer.default\">\n\t\t\t\t<div class=\"elementor-widget-container\">\n\t\t\t\t\t\t\t<div class=\"elementor-spacer\">\n\t\t\t<div class=\"elementor-spacer-inner\"><\/div>\n\t\t<\/div>\n\t\t\t\t\t\t<\/div>\n\t\t\t\t<\/div>\n\t\t\t\t<div class=\"elementor-element elementor-element-718e8a1 elementor-widget elementor-widget-text-editor\" data-id=\"718e8a1\" data-element_type=\"widget\" data-widget_type=\"text-editor.default\">\n\t\t\t\t<div class=\"elementor-widget-container\">\n\t\t\t\t\t\t\t\t\t<p>Sami R\u00e4ih\u00e4<br \/>Partner, Mechanical Design Engineer<br \/><a href=\"mailto:sami.raiha@neteram.net\">sami.raiha@neteram.net<\/a><br \/><a href=\"tel:+358405001875\">+358 40 500 1875<\/a><\/p>\n\t\t\t\t\t\t\t\t<\/div>\n\t\t\t\t<\/div>\n\t\t\t\t<div class=\"elementor-element elementor-element-0bf1045 elementor-widget elementor-widget-spacer\" data-id=\"0bf1045\" data-element_type=\"widget\" data-widget_type=\"spacer.default\">\n\t\t\t\t<div class=\"elementor-widget-container\">\n\t\t\t\t\t\t\t<div class=\"elementor-spacer\">\n\t\t\t<div class=\"elementor-spacer-inner\"><\/div>\n\t\t<\/div>\n\t\t\t\t\t\t<\/div>\n\t\t\t\t<\/div>\n\t\t\t\t\t<\/div>\n\t\t<\/div>\n\t\t\t\t<div class=\"elementor-column elementor-col-50 elementor-top-column elementor-element elementor-element-751d8ae\" data-id=\"751d8ae\" data-element_type=\"column\">\n\t\t\t<div class=\"elementor-widget-wrap elementor-element-populated\">\n\t\t\t\t\t\t<div class=\"elementor-element elementor-element-f6a5557 elementor-widget elementor-widget-heading\" data-id=\"f6a5557\" data-element_type=\"widget\" data-widget_type=\"heading.default\">\n\t\t\t\t<div class=\"elementor-widget-container\">\n\t\t\t\t\t<h2 class=\"elementor-heading-title elementor-size-default\">Open application<\/h2>\t\t\t\t<\/div>\n\t\t\t\t<\/div>\n\t\t\t\t<div class=\"elementor-element elementor-element-67fa226 elementor-widget-divider--view-line elementor-widget elementor-widget-divider\" data-id=\"67fa226\" data-element_type=\"widget\" data-widget_type=\"divider.default\">\n\t\t\t\t<div class=\"elementor-widget-container\">\n\t\t\t\t\t\t\t<div class=\"elementor-divider\">\n\t\t\t<span class=\"elementor-divider-separator\">\n\t\t\t\t\t\t<\/span>\n\t\t<\/div>\n\t\t\t\t\t\t<\/div>\n\t\t\t\t<\/div>\n\t\t\t\t<div class=\"elementor-element elementor-element-d8f3fc8 elementor-widget elementor-widget-spacer\" data-id=\"d8f3fc8\" data-element_type=\"widget\" data-widget_type=\"spacer.default\">\n\t\t\t\t<div class=\"elementor-widget-container\">\n\t\t\t\t\t\t\t<div class=\"elementor-spacer\">\n\t\t\t<div class=\"elementor-spacer-inner\"><\/div>\n\t\t<\/div>\n\t\t\t\t\t\t<\/div>\n\t\t\t\t<\/div>\n\t\t\t\t<div class=\"elementor-element elementor-element-4dcb424 elementor-widget elementor-widget-shortcode\" data-id=\"4dcb424\" data-element_type=\"widget\" data-widget_type=\"shortcode.default\">\n\t\t\t\t<div class=\"elementor-widget-container\">\n\t\t\t\t\t\t\t<div class=\"elementor-shortcode\"><div class=\"caldera-grid\" id=\"caldera_form_1\" data-cf-ver=\"1.9.3\" data-cf-form-id=\"CF5dba968fe4cd7\"><div id=\"caldera_notices_1\" data-spinner=\"https:\/\/www.neteram.net\/wp-admin\/images\/spinner.gif\"><\/div><form data-instance=\"1\" class=\"CF5dba968fe4cd7 caldera_forms_form cfajax-trigger\" method=\"POST\" enctype=\"multipart\/form-data\" id=\"CF5dba968fe4cd7_1\" data-form-id=\"CF5dba968fe4cd7\" aria-label=\"Ty&ouml;paikat - yhteydenottolomake\" data-target=\"#caldera_notices_1\" data-template=\"#cfajax_CF5dba968fe4cd7-tmpl\" data-cfajax=\"CF5dba968fe4cd7\" data-load-element=\"_parent\" data-load-class=\"cf_processing\" data-post-disable=\"0\" data-action=\"cf_process_ajax_submit\" data-request=\"https:\/\/www.neteram.net\/en\/\/cf-api\/CF5dba968fe4cd7\" data-hiderows=\"true\">\r\n<input type=\"hidden\" id=\"_cf_verify_CF5dba968fe4cd7\" name=\"_cf_verify\" value=\"1346a84fa1\"  data-nonce-time=\"1775642520\" \/><input type=\"hidden\" name=\"_wp_http_referer\" value=\"\/en\/wp-json\/wp\/v2\/pages\/293\" \/><div id=\"cf2-CF5dba968fe4cd7_1\"><\/div><input type=\"hidden\" name=\"_cf_frm_id\" value=\"CF5dba968fe4cd7\">\r\n<input type=\"hidden\" name=\"_cf_frm_ct\" value=\"1\">\r\n<input type=\"hidden\" name=\"cfajax\" value=\"CF5dba968fe4cd7\">\r\n<input type=\"hidden\" name=\"_cf_cr_pst\" value=\"293\">\r\n<div class=\"hide\" style=\"display:none; overflow:hidden;height:0;width:0;\">\r\n<label>Company<\/label><input type=\"text\" name=\"company\" value=\"\" autocomplete=\"off\">\r\n<\/div><div id=\"CF5dba968fe4cd7_1-row-1\"  class=\"row  first_row\"><div  class=\"col-sm-12  single\"><div data-field-wrapper=\"fld_9404952\" class=\"form-group\" id=\"fld_9404952_1-wrap\">\r\n\t<label id=\"fld_9404952Label\" for=\"fld_9404952_1\" class=\"control-label screen-reader-text sr-only\">Nimi<\/label>\r\n\t<div class=\"\">\r\n\t\t<input placeholder=\"Nimi\"  required type=\"text\" data-field=\"fld_9404952\" class=\" form-control\" id=\"fld_9404952_1\" name=\"fld_9404952\" value=\"\" data-type=\"text\" aria-required=\"true\"   aria-labelledby=\"fld_9404952Label\" >\t\t\t<\/div>\r\n<\/div>\r\n<div data-field-wrapper=\"fld_9059454\" class=\"form-group\" id=\"fld_9059454_1-wrap\">\r\n\t<label id=\"fld_9059454Label\" for=\"fld_9059454_1\" class=\"control-label screen-reader-text sr-only\">S\u00e4hk\u00f6postiosoite<\/label>\r\n\t<div class=\"\">\r\n\t\t<input placeholder=\"S\u00e4hk\u00f6postiosoite\"  required type=\"email\" data-field=\"fld_9059454\" class=\" form-control\" id=\"fld_9059454_1\" name=\"fld_9059454\" value=\"\" data-type=\"email\" aria-required=\"true\"   aria-labelledby=\"fld_9059454Label\" >\t\t\t<\/div>\r\n<\/div>\r\n<div data-field-wrapper=\"fld_1896675\" class=\"form-group\" id=\"fld_1896675_1-wrap\">\r\n\t<label id=\"fld_1896675Label\" for=\"fld_1896675_1\" class=\"control-label screen-reader-text sr-only\">Puhelinnumero<\/label>\r\n\t<div class=\"\">\r\n\t\t<input placeholder=\"Puhelinnumero\"   type=\"text\" data-field=\"fld_1896675\" class=\" form-control\" id=\"fld_1896675_1\" name=\"fld_1896675\" value=\"\" data-type=\"text\"   aria-labelledby=\"fld_1896675Label\" >\t\t\t<\/div>\r\n<\/div>\r\n<div data-field-wrapper=\"fld_9603150\" class=\"form-group\" id=\"fld_9603150_1-wrap\">\r\n\t<label id=\"fld_9603150Label\" for=\"fld_9603150_1\" class=\"control-label screen-reader-text sr-only\">Aihe<\/label>\r\n\t<div class=\"\">\r\n\t\t<input placeholder=\"Viestin aihe\"   type=\"text\" data-field=\"fld_9603150\" class=\" form-control\" id=\"fld_9603150_1\" name=\"fld_9603150\" value=\"\" data-type=\"text\"   aria-labelledby=\"fld_9603150Label\" >\t\t\t<\/div>\r\n<\/div>\r\n<div data-field-wrapper=\"fld_857839\" class=\"form-group\" id=\"fld_857839_1-wrap\">\r\n\t<label id=\"fld_857839Label\" for=\"fld_857839_1\" class=\"control-label screen-reader-text sr-only\">Viesti<\/label>\r\n\t<div class=\"\">\r\n\t\t<textarea name=\"fld_857839\" value=\"\" data-field=\"fld_857839\" class=\"form-control\" id=\"fld_857839_1\" rows=\"6\" placeholder=\"Viestisi\"  required=\"required\"  aria-labelledby=\"fld_857839Label\" ><\/textarea>\n\t\t\t<\/div>\r\n<\/div>\r\n<\/div><\/div><div id=\"CF5dba968fe4cd7_1-row-2\"  class=\"row \"><div  class=\"col-sm-12  single\"><hr id=\"fld_6330262_1\" class=\"\" style=\"width: 100%\" \/><\/div><\/div><div id=\"CF5dba968fe4cd7_1-row-3\"  class=\"row \"><div  class=\"col-sm-12  single\"><div id=\"cf2-fld_7216087_1\" class=\"cf2-field-wrapper\" data-field-id=\"fld_7216087_1\"><\/div><\/div><\/div><div id=\"CF5dba968fe4cd7_1-row-4\"  class=\"row \"><div  class=\"col-sm-12  single\"><hr id=\"fld_4671084_1\" class=\"\" style=\"width: 100%\" \/><\/div><\/div><div id=\"CF5dba968fe4cd7_1-row-5\"  class=\"row \"><div  class=\"col-sm-12  single\"><div data-field-wrapper=\"fld_1494243\" class=\"form-group\" id=\"fld_1494243_1-wrap\">\r\n<div class=\"\">\r\n\t<input  class=\"send-button-1\" type=\"submit\" name=\"fld_1494243\" id=\"fld_1494243_1\" value=\"L\u00e4het\u00e4\" data-field=\"fld_1494243\"  >\n<\/div>\r\n<\/div>\r\n\t<input class=\"button_trigger_1\" type=\"hidden\" name=\"fld_1494243\" id=\"fld_1494243_1_btn\" value=\"\" data-field=\"fld_1494243\"  \/>\n<div class=\"recaptcha-text-white\"><p>This site is protected by reCAPTCHA and the Google     <a href=\"https:\/\/policies.google.com\/privacy\" target=\"_blank\">Privacy Policy<\/a> and     <a href=\"https:\/\/policies.google.com\/terms\" target=\"_blank\">Terms of Service<\/a> apply.<\/p>\n<\/div><\/div><\/div><div id=\"CF5dba968fe4cd7_1-row-6\"  class=\"row  last_row\"><div  class=\"col-sm-12  single\"><div data-field-wrapper=\"fld_1859331\" class=\"form-group\" id=\"fld_1859331_1-wrap\">\r\n\n\n<div class=\"\">\r\n\n<input placeholder=\"recaptcha\"  required type=\"hidden\" data-field=\"fld_1859331\" class=\" form-control\" id=\"fld_1859331_1\" name=\"fld_1859331\" value=\"\" data-type=\"recaptcha\" aria-required=\"true\"   aria-labelledby=\"fld_1859331Label\" >\n\t<div id=\"capfld_1859331_1\"><\/div>\n\n\n<\/div>\r\n\n<\/div>\r\n<\/div><\/div><\/form>\r\n<\/div>\r\n<\/div>\n\t\t\t\t\t\t<\/div>\n\t\t\t\t<\/div>\n\t\t\t\t<div class=\"elementor-element elementor-element-159b3ea elementor-widget elementor-widget-spacer\" data-id=\"159b3ea\" data-element_type=\"widget\" data-widget_type=\"spacer.default\">\n\t\t\t\t<div class=\"elementor-widget-container\">\n\t\t\t\t\t\t\t<div class=\"elementor-spacer\">\n\t\t\t<div class=\"elementor-spacer-inner\"><\/div>\n\t\t<\/div>\n\t\t\t\t\t\t<\/div>\n\t\t\t\t<\/div>\n\t\t\t\t<div class=\"elementor-element elementor-element-2679d40 elementor-widget elementor-widget-spacer\" data-id=\"2679d40\" data-element_type=\"widget\" data-widget_type=\"spacer.default\">\n\t\t\t\t<div class=\"elementor-widget-container\">\n\t\t\t\t\t\t\t<div class=\"elementor-spacer\">\n\t\t\t<div class=\"elementor-spacer-inner\"><\/div>\n\t\t<\/div>\n\t\t\t\t\t\t<\/div>\n\t\t\t\t<\/div>\n\t\t\t\t\t<\/div>\n\t\t<\/div>\n\t\t\t\t\t<\/div>\n\t\t<\/section>\n\t\t\t\t<section class=\"elementor-section elementor-top-section elementor-element elementor-element-8b825ed elementor-section-boxed elementor-section-height-default elementor-section-height-default\" data-id=\"8b825ed\" data-element_type=\"section\">\n\t\t\t\t\t\t<div class=\"elementor-container elementor-column-gap-default\">\n\t\t\t\t\t<div class=\"elementor-column elementor-col-100 elementor-top-column elementor-element elementor-element-3e6bed9\" data-id=\"3e6bed9\" data-element_type=\"column\">\n\t\t\t<div class=\"elementor-widget-wrap\">\n\t\t\t\t\t\t\t<\/div>\n\t\t<\/div>\n\t\t\t\t\t<\/div>\n\t\t<\/section>\n\t\t\t\t<\/div>\n\t\t","protected":false},"excerpt":{"rendered":"<p>Careers Want to work with us? At Neteram Oy, we know that employees are the most important asset of the company. That is why we are constantly striving to maintain our common well-being and we want the well-being of our employees to be reflected in our daily work and customer satisfaction. We are consistently looking [&hellip;]<\/p>\n","protected":false},"author":1,"featured_media":0,"parent":0,"menu_order":0,"comment_status":"closed","ping_status":"closed","template":"","meta":{"site-sidebar-layout":"no-sidebar","site-content-layout":"page-builder","ast-site-content-layout":"full-width-container","site-content-style":"unboxed","site-sidebar-style":"unboxed","ast-global-header-display":"","ast-banner-title-visibility":"","ast-main-header-display":"disabled","ast-hfb-above-header-display":"","ast-hfb-below-header-display":"","ast-hfb-mobile-header-display":"","site-post-title":"disabled","ast-breadcrumbs-content":"","ast-featured-img":"disabled","footer-sml-layout":"","theme-transparent-header-meta":"default","adv-header-id-meta":"","stick-header-meta":"","header-above-stick-meta":"","header-main-stick-meta":"","header-below-stick-meta":"","astra-migrate-meta-layouts":"default","ast-page-background-enabled":"default","ast-page-background-meta":{"desktop":{"background-color":"","background-image":"","background-repeat":"repeat","background-position":"center center","background-size":"auto","background-attachment":"scroll","background-type":"","background-media":"","overlay-type":"","overlay-color":"","overlay-opacity":"","overlay-gradient":""},"tablet":{"background-color":"","background-image":"","background-repeat":"repeat","background-position":"center center","background-size":"auto","background-attachment":"scroll","background-type":"","background-media":"","overlay-type":"","overlay-color":"","overlay-opacity":"","overlay-gradient":""},"mobile":{"background-color":"","background-image":"","background-repeat":"repeat","background-position":"center center","background-size":"auto","background-attachment":"scroll","background-type":"","background-media":"","overlay-type":"","overlay-color":"","overlay-opacity":"","overlay-gradient":""}},"ast-content-background-meta":{"desktop":{"background-color":"var(--ast-global-color-5)","background-image":"","background-repeat":"repeat","background-position":"center center","background-size":"auto","background-attachment":"scroll","background-type":"","background-media":"","overlay-type":"","overlay-color":"","overlay-opacity":"","overlay-gradient":""},"tablet":{"background-color":"var(--ast-global-color-5)","background-image":"","background-repeat":"repeat","background-position":"center center","background-size":"auto","background-attachment":"scroll","background-type":"","background-media":"","overlay-type":"","overlay-color":"","overlay-opacity":"","overlay-gradient":""},"mobile":{"background-color":"var(--ast-global-color-5)","background-image":"","background-repeat":"repeat","background-position":"center center","background-size":"auto","background-attachment":"scroll","background-type":"","background-media":"","overlay-type":"","overlay-color":"","overlay-opacity":"","overlay-gradient":""}},"footnotes":""},"class_list":["post-293","page","type-page","status-publish","hentry"],"yoast_head":"<!-- This site is optimized with the Yoast SEO plugin v26.0 - https:\/\/yoast.com\/wordpress\/plugins\/seo\/ -->\n<title>Careers &#8211; Neteram Oy<\/title>\n<meta name=\"description\" content=\"We are consistently looking for new employees. Feel free to contact us if you are interested in working for Neteram Oy.\" \/>\n<meta name=\"robots\" content=\"index, follow, max-snippet:-1, max-image-preview:large, max-video-preview:-1\" \/>\n<link rel=\"canonical\" href=\"https:\/\/www.neteram.net\/tyopaikat\/\" \/>\n<meta property=\"og:locale\" content=\"en_US\" \/>\n<meta property=\"og:type\" content=\"article\" \/>\n<meta property=\"og:title\" content=\"Careers &#8211; Neteram Oy\" \/>\n<meta property=\"og:description\" content=\"We are consistently looking for new employees. Feel free to contact us if you are interested in working for Neteram Oy.\" \/>\n<meta property=\"og:url\" content=\"https:\/\/www.neteram.net\/tyopaikat\/\" \/>\n<meta property=\"og:site_name\" content=\"Neteram Oy\" \/>\n<meta property=\"article:modified_time\" content=\"2026-01-01T10:58:26+00:00\" \/>\n<meta property=\"og:image\" content=\"https:\/\/www.neteram.net\/wp-content\/uploads\/2019\/12\/Neteram-icon.png\" \/>\n\t<meta property=\"og:image:width\" content=\"1200\" \/>\n\t<meta property=\"og:image:height\" content=\"630\" \/>\n\t<meta property=\"og:image:type\" content=\"image\/png\" \/>\n<meta name=\"twitter:card\" content=\"summary_large_image\" \/>\n<meta name=\"twitter:label1\" content=\"Est. reading time\" \/>\n\t<meta name=\"twitter:data1\" content=\"1 minute\" \/>\n<script type=\"application\/ld+json\" class=\"yoast-schema-graph\">{\"@context\":\"https:\/\/schema.org\",\"@graph\":[{\"@type\":\"WebPage\",\"@id\":\"https:\/\/www.neteram.net\/tyopaikat\/\",\"url\":\"https:\/\/www.neteram.net\/tyopaikat\/\",\"name\":\"Careers &#8211; Neteram Oy\",\"isPartOf\":{\"@id\":\"https:\/\/www.neteram.net\/#website\"},\"datePublished\":\"2019-11-14T08:45:49+00:00\",\"dateModified\":\"2026-01-01T10:58:26+00:00\",\"description\":\"We are consistently looking for new employees. Feel free to contact us if you are interested in working for Neteram Oy.\",\"breadcrumb\":{\"@id\":\"https:\/\/www.neteram.net\/tyopaikat\/#breadcrumb\"},\"inLanguage\":\"en-US\",\"potentialAction\":[{\"@type\":\"ReadAction\",\"target\":[\"https:\/\/www.neteram.net\/tyopaikat\/\"]}]},{\"@type\":\"BreadcrumbList\",\"@id\":\"https:\/\/www.neteram.net\/tyopaikat\/#breadcrumb\",\"itemListElement\":[{\"@type\":\"ListItem\",\"position\":1,\"name\":\"Home\",\"item\":\"https:\/\/www.neteram.net\/\"},{\"@type\":\"ListItem\",\"position\":2,\"name\":\"Careers\"}]},{\"@type\":\"WebSite\",\"@id\":\"https:\/\/www.neteram.net\/#website\",\"url\":\"https:\/\/www.neteram.net\/\",\"name\":\"Neteram Oy\",\"description\":\"Yst\u00e4v\u00e4llist\u00e4 ja ketter\u00e4\u00e4 lujuuslaskentaa ja mekaniikkasuunnittelua\",\"publisher\":{\"@id\":\"https:\/\/www.neteram.net\/#organization\"},\"potentialAction\":[{\"@type\":\"SearchAction\",\"target\":{\"@type\":\"EntryPoint\",\"urlTemplate\":\"https:\/\/www.neteram.net\/?s={search_term_string}\"},\"query-input\":{\"@type\":\"PropertyValueSpecification\",\"valueRequired\":true,\"valueName\":\"search_term_string\"}}],\"inLanguage\":\"en-US\"},{\"@type\":\"Organization\",\"@id\":\"https:\/\/www.neteram.net\/#organization\",\"name\":\"Neteram Oy\",\"url\":\"https:\/\/www.neteram.net\/\",\"logo\":{\"@type\":\"ImageObject\",\"inLanguage\":\"en-US\",\"@id\":\"https:\/\/www.neteram.net\/#\/schema\/logo\/image\/\",\"url\":\"https:\/\/www.neteram.net\/wp-content\/uploads\/2019\/12\/Neteram-Oy-logo.png\",\"contentUrl\":\"https:\/\/www.neteram.net\/wp-content\/uploads\/2019\/12\/Neteram-Oy-logo.png\",\"width\":1772,\"height\":974,\"caption\":\"Neteram Oy\"},\"image\":{\"@id\":\"https:\/\/www.neteram.net\/#\/schema\/logo\/image\/\"}}]}<\/script>\n<!-- \/ Yoast SEO plugin. -->","yoast_head_json":{"title":"Careers &#8211; Neteram Oy","description":"We are consistently looking for new employees. Feel free to contact us if you are interested in working for Neteram Oy.","robots":{"index":"index","follow":"follow","max-snippet":"max-snippet:-1","max-image-preview":"max-image-preview:large","max-video-preview":"max-video-preview:-1"},"canonical":"https:\/\/www.neteram.net\/tyopaikat\/","og_locale":"en_US","og_type":"article","og_title":"Careers &#8211; Neteram Oy","og_description":"We are consistently looking for new employees. Feel free to contact us if you are interested in working for Neteram Oy.","og_url":"https:\/\/www.neteram.net\/tyopaikat\/","og_site_name":"Neteram Oy","article_modified_time":"2026-01-01T10:58:26+00:00","og_image":[{"width":1200,"height":630,"url":"https:\/\/www.neteram.net\/wp-content\/uploads\/2019\/12\/Neteram-icon.png","type":"image\/png"}],"twitter_card":"summary_large_image","twitter_misc":{"Est. reading time":"1 minute"},"schema":{"@context":"https:\/\/schema.org","@graph":[{"@type":"WebPage","@id":"https:\/\/www.neteram.net\/tyopaikat\/","url":"https:\/\/www.neteram.net\/tyopaikat\/","name":"Careers &#8211; Neteram Oy","isPartOf":{"@id":"https:\/\/www.neteram.net\/#website"},"datePublished":"2019-11-14T08:45:49+00:00","dateModified":"2026-01-01T10:58:26+00:00","description":"We are consistently looking for new employees. Feel free to contact us if you are interested in working for Neteram Oy.","breadcrumb":{"@id":"https:\/\/www.neteram.net\/tyopaikat\/#breadcrumb"},"inLanguage":"en-US","potentialAction":[{"@type":"ReadAction","target":["https:\/\/www.neteram.net\/tyopaikat\/"]}]},{"@type":"BreadcrumbList","@id":"https:\/\/www.neteram.net\/tyopaikat\/#breadcrumb","itemListElement":[{"@type":"ListItem","position":1,"name":"Home","item":"https:\/\/www.neteram.net\/"},{"@type":"ListItem","position":2,"name":"Careers"}]},{"@type":"WebSite","@id":"https:\/\/www.neteram.net\/#website","url":"https:\/\/www.neteram.net\/","name":"Neteram Oy","description":"Yst\u00e4v\u00e4llist\u00e4 ja ketter\u00e4\u00e4 lujuuslaskentaa ja mekaniikkasuunnittelua","publisher":{"@id":"https:\/\/www.neteram.net\/#organization"},"potentialAction":[{"@type":"SearchAction","target":{"@type":"EntryPoint","urlTemplate":"https:\/\/www.neteram.net\/?s={search_term_string}"},"query-input":{"@type":"PropertyValueSpecification","valueRequired":true,"valueName":"search_term_string"}}],"inLanguage":"en-US"},{"@type":"Organization","@id":"https:\/\/www.neteram.net\/#organization","name":"Neteram Oy","url":"https:\/\/www.neteram.net\/","logo":{"@type":"ImageObject","inLanguage":"en-US","@id":"https:\/\/www.neteram.net\/#\/schema\/logo\/image\/","url":"https:\/\/www.neteram.net\/wp-content\/uploads\/2019\/12\/Neteram-Oy-logo.png","contentUrl":"https:\/\/www.neteram.net\/wp-content\/uploads\/2019\/12\/Neteram-Oy-logo.png","width":1772,"height":974,"caption":"Neteram Oy"},"image":{"@id":"https:\/\/www.neteram.net\/#\/schema\/logo\/image\/"}}]}},"_links":{"self":[{"href":"https:\/\/www.neteram.net\/en\/wp-json\/wp\/v2\/pages\/293","targetHints":{"allow":["GET"]}}],"collection":[{"href":"https:\/\/www.neteram.net\/en\/wp-json\/wp\/v2\/pages"}],"about":[{"href":"https:\/\/www.neteram.net\/en\/wp-json\/wp\/v2\/types\/page"}],"author":[{"embeddable":true,"href":"https:\/\/www.neteram.net\/en\/wp-json\/wp\/v2\/users\/1"}],"replies":[{"embeddable":true,"href":"https:\/\/www.neteram.net\/en\/wp-json\/wp\/v2\/comments?post=293"}],"version-history":[{"count":16,"href":"https:\/\/www.neteram.net\/en\/wp-json\/wp\/v2\/pages\/293\/revisions"}],"predecessor-version":[{"id":1153,"href":"https:\/\/www.neteram.net\/en\/wp-json\/wp\/v2\/pages\/293\/revisions\/1153"}],"wp:attachment":[{"href":"https:\/\/www.neteram.net\/en\/wp-json\/wp\/v2\/media?parent=293"}],"curies":[{"name":"wp","href":"https:\/\/api.w.org\/{rel}","templated":true}]}}